{"id":33,"date":"2018-08-10T17:50:40","date_gmt":"2018-08-10T15:50:40","guid":{"rendered":"https:\/\/konstech.com.pl\/?page_id=33"},"modified":"2020-02-25T10:59:41","modified_gmt":"2020-02-25T09:59:41","slug":"uslugi","status":"publish","type":"page","link":"https:\/\/konstech.com.pl\/?page_id=33","title":{"rendered":"Us\u0142ugi"},"content":{"rendered":"\t\t<div data-elementor-type=\"wp-post\" data-elementor-id=\"33\" class=\"elementor elementor-33\" data-elementor-post-type=\"page\">\n\t\t\t\t\t\t<section class=\"elementor-section elementor-top-section elementor-element elementor-element-5645a08a elementor-section-content-middle elementor-section-boxed elementor-section-height-default elementor-section-height-default\" data-id=\"5645a08a\" data-element_type=\"section\">\n\t\t\t\t\t\t<div class=\"elementor-container elementor-column-gap-no\">\n\t\t\t\t\t<div class=\"elementor-column elementor-col-100 elementor-top-column elementor-element elementor-element-77743ae7\" data-id=\"77743ae7\" data-element_type=\"column\">\n\t\t\t<div class=\"elementor-widget-wrap elementor-element-populated\">\n\t\t\t\t\t\t<div class=\"elementor-element elementor-element-46e11ff2 elementor-widget elementor-widget-heading\" data-id=\"46e11ff2\" data-element_type=\"widget\" data-widget_type=\"heading.default\">\n\t\t\t\t<div class=\"elementor-widget-container\">\n\t\t\t\t\t<h4 class=\"elementor-heading-title elementor-size-default\">US\u0141UGI<\/h4>\t\t\t\t<\/div>\n\t\t\t\t<\/div>\n\t\t\t\t<div class=\"elementor-element elementor-element-3d7357c2 elementor-widget elementor-widget-heading\" data-id=\"3d7357c2\" data-element_type=\"widget\" data-widget_type=\"heading.default\">\n\t\t\t\t<div class=\"elementor-widget-container\">\n\t\t\t\t\t<h5 class=\"elementor-heading-title elementor-size-default\">Jako Firma cechuje nas wszechstronno\u015b\u0107<\/h5>\t\t\t\t<\/div>\n\t\t\t\t<\/div>\n\t\t\t\t<div class=\"elementor-element elementor-element-65422c1e elementor-widget elementor-widget-toggle\" data-id=\"65422c1e\" data-element_type=\"widget\" data-widget_type=\"toggle.default\">\n\t\t\t\t<div class=\"elementor-widget-container\">\n\t\t\t\t\t\t\t<div class=\"elementor-toggle\">\n\t\t\t\t\t\t\t<div class=\"elementor-toggle-item\">\n\t\t\t\t\t<div id=\"elementor-tab-title-1691\" class=\"elementor-tab-title\" data-tab=\"1\" role=\"button\" aria-controls=\"elementor-tab-content-1691\" aria-expanded=\"false\">\n\t\t\t\t\t\t\t\t\t\t\t\t<span class=\"elementor-toggle-icon elementor-toggle-icon-right\" aria-hidden=\"true\">\n\t\t\t\t\t\t\t\t\t\t\t\t\t\t\t<i class=\"elementor-toggle-icon-closed fa fa-caret-square-o-right\"><\/i>\n\t\t\t\t\t\t\t\t<i class=\"elementor-toggle-icon-opened fa fa-caret-square-o-up\"><\/i>\n\t\t\t\t\t\t\t\t\t\t\t\t\t<\/span>\n\t\t\t\t\t\t\t\t\t\t\t\t<a class=\"elementor-toggle-title\" tabindex=\"0\">Serwis stacji LPG<\/a>\n\t\t\t\t\t<\/div>\n\n\t\t\t\t\t<div id=\"elementor-tab-content-1691\" class=\"elementor-tab-content elementor-clearfix\" data-tab=\"1\" role=\"region\" aria-labelledby=\"elementor-tab-title-1691\"><div id=\"main-core\"><article id=\"post-98\" class=\"post-98 page type-page status-publish hentry\"><p>Jednym z podstawowych zakres\u00f3w dzia\u0142ania naszej firmy jest serwis gwarancyjny i pogwarancyjny wszystkich urz\u0105dze\u0144 stacji paliw i LPG oraz instalacji technologicznych LPG.<\/p><p>Z roku na rok klienci naszej firmy przywi\u0105zuj\u0105 wi\u0119ksz\u0105 wag\u0119 na niezawodne serwisowanie stacji paliw i LPG i dlatego firma KONSTECH INWESTYCJE wychodzi naprzeciw problemom wynikaj\u0105cym z eksploatacji stacji.<\/p><p>Serwisanci firmy przechodz\u0105 cykliczne szkolenia w zakresie serwisowania urz\u0105dze\u0144 znajduj\u0105cych si\u0119 na stacjach paliw p\u0142ynnych. Posiadana wiedza i do\u015bwiadczenie s\u0105 niekwestionowanym atutem dla sprawnego zlokalizowania i usuni\u0119cia uszkodze\u0144 \u00a0i usterek zak\u0142\u00f3caj\u0105cych prac\u0119 instalacji.<br \/>Serwis obejmuje wszystkie urz\u0105dzenia b\u0119d\u0105ce zakresem dostaw i monta\u017cu dla wszelkiego typu instalacji LPG.<br \/>Konstech Inwestycje \u00a0przeprowadza rewizje wewn\u0119trzne zbiornik\u00f3w gazowych. Specjalistyczny sprz\u0119t jaki posiadamy umo\u017cliwia przeprowadzanie rewizji zbiornik\u00f3w o bardzo du\u017cych kubaturach.<\/p><\/article><\/div><\/div>\n\t\t\t\t<\/div>\n\t\t\t\t\t\t\t\t<\/div>\n\t\t\t\t\t\t<\/div>\n\t\t\t\t<\/div>\n\t\t\t\t<div class=\"elementor-element elementor-element-2dfc470b elementor-widget elementor-widget-toggle\" data-id=\"2dfc470b\" data-element_type=\"widget\" data-widget_type=\"toggle.default\">\n\t\t\t\t<div class=\"elementor-widget-container\">\n\t\t\t\t\t\t\t<div class=\"elementor-toggle\">\n\t\t\t\t\t\t\t<div class=\"elementor-toggle-item\">\n\t\t\t\t\t<div id=\"elementor-tab-title-7711\" class=\"elementor-tab-title\" data-tab=\"1\" role=\"button\" aria-controls=\"elementor-tab-content-7711\" aria-expanded=\"false\">\n\t\t\t\t\t\t\t\t\t\t\t\t<span class=\"elementor-toggle-icon elementor-toggle-icon-right\" aria-hidden=\"true\">\n\t\t\t\t\t\t\t\t\t\t\t\t\t\t\t<i class=\"elementor-toggle-icon-closed fa fa-caret-square-o-right\"><\/i>\n\t\t\t\t\t\t\t\t<i class=\"elementor-toggle-icon-opened fa fa-caret-square-o-up\"><\/i>\n\t\t\t\t\t\t\t\t\t\t\t\t\t<\/span>\n\t\t\t\t\t\t\t\t\t\t\t\t<a class=\"elementor-toggle-title\" tabindex=\"0\">Projektowanie<\/a>\n\t\t\t\t\t<\/div>\n\n\t\t\t\t\t<div id=\"elementor-tab-content-7711\" class=\"elementor-tab-content elementor-clearfix\" data-tab=\"1\" role=\"region\" aria-labelledby=\"elementor-tab-title-7711\"><p>Wsp\u00f3\u0142pracujemy z biurem projektowo-konstrukcyjnym zatrudniaj\u0105cym projektant\u00f3w z uprawnieniami w bran\u017cach architektury, konstrukcji budowlanych, instalacji sanitarnych, gazowych, konstrukcji zbiornik\u00f3w ci\u015bnieniowych, urz\u0105dze\u0144 technologicznych oraz rzeczoznawc\u00f3w ds. zabezpiecze\u0144 przeciwpo\u017carowych, BHP i sanitarno-higienicznych. Wykonujemy projekty technologiczne, budowlane i elektryczne. Wykonujemy dokumentacj\u0119 projektow\u0105 w ni\u017cej wymienionych etapach:<\/p><ul><li>Koncepcja i WZ i ZT<\/li><li>projekt budowlany do uzyskania pozwolenia na budow\u0119<\/li><li>projekt budowlany wykonawczy<\/li><\/ul><p>Firma \u015bwiadczy nast\u0119puj\u0105cy zakres w poszczeg\u00f3lnych bran\u017cach:<\/p><ol><li>bran\u017ca technologiczna: projekt technologiczny dla obiekt\u00f3w instalacji paliw i LPG, magazynowania gazu, ogrzewania p\u0142ynnym gazem, awaryjnego zasilania urz\u0105dze\u0144 produkcyjnych, terminali gazu<\/li><li>bran\u017ca budowlana: architektura i konstrukcje instalacji technologicznych i przemys\u0142owych, konstrukcje pod urz\u0105dzenia technologiczne, plany zagospodarowania terenu<\/li><li>bran\u017ca elektryczna: instalacje elektryczne instalacji LPG, ochrona katodowa zbiornik\u00f3w i ruroci\u0105g\u00f3w technologicznych.<\/li><li>bran\u017ca ochrona \u015brodowiska: oceny oddzia\u0142ywania inwestycji na \u015brodowisko<\/li><\/ol><p>bran\u017ca geodezyjna: aktualizacja map zasadniczych, przygotowanie materia\u0142\u00f3w do decyzji o warunkach zabudowy, dokumentacja formalno-prawna do pozwolenia na budow\u0119<\/p><\/div>\n\t\t\t\t<\/div>\n\t\t\t\t\t\t\t\t<\/div>\n\t\t\t\t\t\t<\/div>\n\t\t\t\t<\/div>\n\t\t\t\t<div class=\"elementor-element elementor-element-30bcc376 elementor-widget elementor-widget-toggle\" data-id=\"30bcc376\" data-element_type=\"widget\" data-widget_type=\"toggle.default\">\n\t\t\t\t<div class=\"elementor-widget-container\">\n\t\t\t\t\t\t\t<div class=\"elementor-toggle\">\n\t\t\t\t\t\t\t<div class=\"elementor-toggle-item\">\n\t\t\t\t\t<div id=\"elementor-tab-title-8171\" class=\"elementor-tab-title\" data-tab=\"1\" role=\"button\" aria-controls=\"elementor-tab-content-8171\" aria-expanded=\"false\">\n\t\t\t\t\t\t\t\t\t\t\t\t<span class=\"elementor-toggle-icon elementor-toggle-icon-right\" aria-hidden=\"true\">\n\t\t\t\t\t\t\t\t\t\t\t\t\t\t\t<i class=\"elementor-toggle-icon-closed fa fa-caret-square-o-right\"><\/i>\n\t\t\t\t\t\t\t\t<i class=\"elementor-toggle-icon-opened fa fa-caret-square-o-up\"><\/i>\n\t\t\t\t\t\t\t\t\t\t\t\t\t<\/span>\n\t\t\t\t\t\t\t\t\t\t\t\t<a class=\"elementor-toggle-title\" tabindex=\"0\">Us \u0142ugi spawalnicze<\/a>\n\t\t\t\t\t<\/div>\n\n\t\t\t\t\t<div id=\"elementor-tab-content-8171\" class=\"elementor-tab-content elementor-clearfix\" data-tab=\"1\" role=\"region\" aria-labelledby=\"elementor-tab-title-8171\"><p>Oferujemy us\u0142ugi spawalniczo-\u015blusarskie dla firm i os\u00f3b indywidualnych:<\/p><ol><li>spawanie elektryczne metod\u0105 TIG, MAG, MIG oraz elektrod\u0105 otulon\u0105 z materia\u0142\u00f3w takich jak aluminium, stal kwasoodporna, nierdzewna i w\u0119glowa<\/li><li>naprawy urz\u0105dze\u0144 i konstrukcji, tak\u017ce drobnych<\/li><li>obr\u00f3bk\u0119 mechaniczn\u0105 i plastyczn\u0105, toczenie i frezowanie, ci\u0119cie, gi\u0119cie, szlifowanie, wiercenie, gwintowanie metali (aluminium, stal kwasoodporna, nierdzewna, w\u0119glowa)<\/li><li>monta\u017c i spawanie ruroci\u0105g\u00f3w w przemy\u015ble chemicznym, spo\u017cywczym i kosmetycznym<\/li><li>balustrady, barierki<\/li><li>odboje drogowe<\/li><li>ogrodzenia i bramy wjazdowe<\/li><li>pomosty stalowe i estakady<\/li><li>produkcje prototyp\u00f3w, urz\u0105dze\u0144 i konstrukcji wg klienta lub naszego projektu.<\/li><\/ol><p>Proponujemy nadz\u00f3r techniczny nad realizowanymi projektami u klienta oraz doradztwo w doborze urz\u0105dze\u0144 i technologii spawania.<\/p><p>Us\u0142ugi wykonujemy w naszym warsztacie lub u klienta.<\/p><p>Naszym klientom zapewniamy:<\/p><ol><li>projektowanie i realizacj\u0119 inwestycji w fazie budowlano-wyko\u0144czeniowej<\/li><li>kompleksowe projektowanie wyposa\u017cenia niestandardowego<\/li><li>dostaw\u0119<\/li><li>serwis gwarancyjny i pogwarancyjny<\/li><\/ol><\/div>\n\t\t\t\t<\/div>\n\t\t\t\t\t\t\t\t<\/div>\n\t\t\t\t\t\t<\/div>\n\t\t\t\t<\/div>\n\t\t\t\t<div class=\"elementor-element elementor-element-d73b8bd elementor-arrows-position-inside elementor-pagination-position-outside elementor-widget elementor-widget-image-carousel\" data-id=\"d73b8bd\" data-element_type=\"widget\" data-settings=\"{&quot;slides_to_show&quot;:&quot;3&quot;,&quot;navigation&quot;:&quot;both&quot;,&quot;autoplay&quot;:&quot;yes&quot;,&quot;pause_on_hover&quot;:&quot;yes&quot;,&quot;pause_on_interaction&quot;:&quot;yes&quot;,&quot;autoplay_speed&quot;:5000,&quot;infinite&quot;:&quot;yes&quot;,&quot;speed&quot;:500}\" data-widget_type=\"image-carousel.default\">\n\t\t\t\t<div class=\"elementor-widget-container\">\n\t\t\t\t\t\t\t<div class=\"elementor-image-carousel-wrapper swiper\" role=\"region\" aria-roledescription=\"carousel\" aria-label=\"Karuzela obrazk\u00f3w\" dir=\"ltr\">\n\t\t\t<div class=\"elementor-image-carousel swiper-wrapper\" aria-live=\"off\">\n\t\t\t\t\t\t\t\t<div class=\"swiper-slide\" role=\"group\" aria-roledescription=\"slide\" aria-label=\"1 z 9\"><a data-elementor-open-lightbox=\"yes\" data-elementor-lightbox-slideshow=\"d73b8bd\" data-elementor-lightbox-title=\"20140404_144453\" data-e-action-hash=\"#elementor-action%3Aaction%3Dlightbox%26settings%3DeyJpZCI6NzUyLCJ1cmwiOiJodHRwczpcL1wva29uc3RlY2guY29tLnBsXC93cC1jb250ZW50XC91cGxvYWRzXC8yMDIwXC8wMlwvMjAxNDA0MDRfMTQ0NDUzLXNjYWxlZC5qcGciLCJzbGlkZXNob3ciOiJkNzNiOGJkIn0%3D\" href=\"https:\/\/konstech.com.pl\/wp-content\/uploads\/2020\/02\/20140404_144453-scaled.jpg\"><figure class=\"swiper-slide-inner\"><img decoding=\"async\" class=\"swiper-slide-image\" src=\"https:\/\/konstech.com.pl\/wp-content\/uploads\/2020\/02\/20140404_144453-225x300.jpg\" alt=\"20140404_144453\" \/><\/figure><\/a><\/div><div class=\"swiper-slide\" role=\"group\" aria-roledescription=\"slide\" aria-label=\"2 z 9\"><a data-elementor-open-lightbox=\"yes\" data-elementor-lightbox-slideshow=\"d73b8bd\" data-elementor-lightbox-title=\"20140404_144534\" data-e-action-hash=\"#elementor-action%3Aaction%3Dlightbox%26settings%3DeyJpZCI6NzUzLCJ1cmwiOiJodHRwczpcL1wva29uc3RlY2guY29tLnBsXC93cC1jb250ZW50XC91cGxvYWRzXC8yMDIwXC8wMlwvMjAxNDA0MDRfMTQ0NTM0LXNjYWxlZC5qcGciLCJzbGlkZXNob3ciOiJkNzNiOGJkIn0%3D\" href=\"https:\/\/konstech.com.pl\/wp-content\/uploads\/2020\/02\/20140404_144534-scaled.jpg\"><figure class=\"swiper-slide-inner\"><img decoding=\"async\" class=\"swiper-slide-image\" src=\"https:\/\/konstech.com.pl\/wp-content\/uploads\/2020\/02\/20140404_144534-225x300.jpg\" alt=\"20140404_144534\" \/><\/figure><\/a><\/div><div class=\"swiper-slide\" role=\"group\" aria-roledescription=\"slide\" aria-label=\"3 z 9\"><a data-elementor-open-lightbox=\"yes\" data-elementor-lightbox-slideshow=\"d73b8bd\" data-elementor-lightbox-title=\"20150220_140752\" data-e-action-hash=\"#elementor-action%3Aaction%3Dlightbox%26settings%3DeyJpZCI6NzU0LCJ1cmwiOiJodHRwczpcL1wva29uc3RlY2guY29tLnBsXC93cC1jb250ZW50XC91cGxvYWRzXC8yMDIwXC8wMlwvMjAxNTAyMjBfMTQwNzUyLXNjYWxlZC5qcGciLCJzbGlkZXNob3ciOiJkNzNiOGJkIn0%3D\" href=\"https:\/\/konstech.com.pl\/wp-content\/uploads\/2020\/02\/20150220_140752-scaled.jpg\"><figure class=\"swiper-slide-inner\"><img decoding=\"async\" class=\"swiper-slide-image\" src=\"https:\/\/konstech.com.pl\/wp-content\/uploads\/2020\/02\/20150220_140752-300x169.jpg\" alt=\"20150220_140752\" \/><\/figure><\/a><\/div><div class=\"swiper-slide\" role=\"group\" aria-roledescription=\"slide\" aria-label=\"4 z 9\"><a data-elementor-open-lightbox=\"yes\" data-elementor-lightbox-slideshow=\"d73b8bd\" data-elementor-lightbox-title=\"20150220_140803\" data-e-action-hash=\"#elementor-action%3Aaction%3Dlightbox%26settings%3DeyJpZCI6NzU1LCJ1cmwiOiJodHRwczpcL1wva29uc3RlY2guY29tLnBsXC93cC1jb250ZW50XC91cGxvYWRzXC8yMDIwXC8wMlwvMjAxNTAyMjBfMTQwODAzLXNjYWxlZC5qcGciLCJzbGlkZXNob3ciOiJkNzNiOGJkIn0%3D\" href=\"https:\/\/konstech.com.pl\/wp-content\/uploads\/2020\/02\/20150220_140803-scaled.jpg\"><figure class=\"swiper-slide-inner\"><img decoding=\"async\" class=\"swiper-slide-image\" src=\"https:\/\/konstech.com.pl\/wp-content\/uploads\/2020\/02\/20150220_140803-169x300.jpg\" alt=\"20150220_140803\" \/><\/figure><\/a><\/div><div class=\"swiper-slide\" role=\"group\" aria-roledescription=\"slide\" aria-label=\"5 z 9\"><a data-elementor-open-lightbox=\"yes\" data-elementor-lightbox-slideshow=\"d73b8bd\" data-elementor-lightbox-title=\"20150220_141013\" data-e-action-hash=\"#elementor-action%3Aaction%3Dlightbox%26settings%3DeyJpZCI6NzU3LCJ1cmwiOiJodHRwczpcL1wva29uc3RlY2guY29tLnBsXC93cC1jb250ZW50XC91cGxvYWRzXC8yMDIwXC8wMlwvMjAxNTAyMjBfMTQxMDEzLXNjYWxlZC5qcGciLCJzbGlkZXNob3ciOiJkNzNiOGJkIn0%3D\" href=\"https:\/\/konstech.com.pl\/wp-content\/uploads\/2020\/02\/20150220_141013-scaled.jpg\"><figure class=\"swiper-slide-inner\"><img decoding=\"async\" class=\"swiper-slide-image\" src=\"https:\/\/konstech.com.pl\/wp-content\/uploads\/2020\/02\/20150220_141013-169x300.jpg\" alt=\"20150220_141013\" \/><\/figure><\/a><\/div><div class=\"swiper-slide\" role=\"group\" aria-roledescription=\"slide\" aria-label=\"6 z 9\"><a data-elementor-open-lightbox=\"yes\" data-elementor-lightbox-slideshow=\"d73b8bd\" data-elementor-lightbox-title=\"DSC05428\" data-e-action-hash=\"#elementor-action%3Aaction%3Dlightbox%26settings%3DeyJpZCI6NzU4LCJ1cmwiOiJodHRwczpcL1wva29uc3RlY2guY29tLnBsXC93cC1jb250ZW50XC91cGxvYWRzXC8yMDIwXC8wMlwvRFNDMDU0MjguanBnIiwic2xpZGVzaG93IjoiZDczYjhiZCJ9\" href=\"https:\/\/konstech.com.pl\/wp-content\/uploads\/2020\/02\/DSC05428.jpg\"><figure class=\"swiper-slide-inner\"><img decoding=\"async\" class=\"swiper-slide-image\" src=\"https:\/\/konstech.com.pl\/wp-content\/uploads\/2020\/02\/DSC05428-300x225.jpg\" alt=\"DSC05428\" \/><\/figure><\/a><\/div><div class=\"swiper-slide\" role=\"group\" aria-roledescription=\"slide\" aria-label=\"7 z 9\"><a data-elementor-open-lightbox=\"yes\" data-elementor-lightbox-slideshow=\"d73b8bd\" data-elementor-lightbox-title=\"DSC_0550\" data-e-action-hash=\"#elementor-action%3Aaction%3Dlightbox%26settings%3DeyJpZCI6NzU5LCJ1cmwiOiJodHRwczpcL1wva29uc3RlY2guY29tLnBsXC93cC1jb250ZW50XC91cGxvYWRzXC8yMDIwXC8wMlwvRFNDXzA1NTAtc2NhbGVkLmpwZyIsInNsaWRlc2hvdyI6ImQ3M2I4YmQifQ%3D%3D\" href=\"https:\/\/konstech.com.pl\/wp-content\/uploads\/2020\/02\/DSC_0550-scaled.jpg\"><figure class=\"swiper-slide-inner\"><img decoding=\"async\" class=\"swiper-slide-image\" src=\"https:\/\/konstech.com.pl\/wp-content\/uploads\/2020\/02\/DSC_0550-300x199.jpg\" alt=\"DSC_0550\" \/><\/figure><\/a><\/div><div class=\"swiper-slide\" role=\"group\" aria-roledescription=\"slide\" aria-label=\"8 z 9\"><a data-elementor-open-lightbox=\"yes\" data-elementor-lightbox-slideshow=\"d73b8bd\" data-elementor-lightbox-title=\"spaw\" data-e-action-hash=\"#elementor-action%3Aaction%3Dlightbox%26settings%3DeyJpZCI6NzYwLCJ1cmwiOiJodHRwczpcL1wva29uc3RlY2guY29tLnBsXC93cC1jb250ZW50XC91cGxvYWRzXC8yMDIwXC8wMlwvc3Bhdy5qcGciLCJzbGlkZXNob3ciOiJkNzNiOGJkIn0%3D\" href=\"https:\/\/konstech.com.pl\/wp-content\/uploads\/2020\/02\/spaw.jpg\"><figure class=\"swiper-slide-inner\"><img decoding=\"async\" class=\"swiper-slide-image\" src=\"https:\/\/konstech.com.pl\/wp-content\/uploads\/2020\/02\/spaw-300x76.jpg\" alt=\"spaw\" \/><\/figure><\/a><\/div><div class=\"swiper-slide\" role=\"group\" aria-roledescription=\"slide\" aria-label=\"9 z 9\"><a data-elementor-open-lightbox=\"yes\" data-elementor-lightbox-slideshow=\"d73b8bd\" data-elementor-lightbox-title=\"tel nokia 011\" data-e-action-hash=\"#elementor-action%3Aaction%3Dlightbox%26settings%3DeyJpZCI6NzYxLCJ1cmwiOiJodHRwczpcL1wva29uc3RlY2guY29tLnBsXC93cC1jb250ZW50XC91cGxvYWRzXC8yMDIwXC8wMlwvdGVsLW5va2lhLTAxMS5qcGciLCJzbGlkZXNob3ciOiJkNzNiOGJkIn0%3D\" href=\"https:\/\/konstech.com.pl\/wp-content\/uploads\/2020\/02\/tel-nokia-011.jpg\"><figure class=\"swiper-slide-inner\"><img decoding=\"async\" class=\"swiper-slide-image\" src=\"https:\/\/konstech.com.pl\/wp-content\/uploads\/2020\/02\/tel-nokia-011-300x225.jpg\" alt=\"tel nokia 011\" \/><\/figure><\/a><\/div>\t\t\t<\/div>\n\t\t\t\t\t\t\t\t\t\t\t\t<div class=\"elementor-swiper-button elementor-swiper-button-prev\" role=\"button\" tabindex=\"0\">\n\t\t\t\t\t\t<i aria-hidden=\"true\" class=\"eicon-chevron-left\"><\/i>\t\t\t\t\t<\/div>\n\t\t\t\t\t<div class=\"elementor-swiper-button elementor-swiper-button-next\" role=\"button\" tabindex=\"0\">\n\t\t\t\t\t\t<i aria-hidden=\"true\" class=\"eicon-chevron-right\"><\/i>\t\t\t\t\t<\/div>\n\t\t\t\t\n\t\t\t\t\t\t\t\t\t<div class=\"swiper-pagination\"><\/div>\n\t\t\t\t\t\t\t\t\t<\/div>\n\t\t\t\t\t\t<\/div>\n\t\t\t\t<\/div>\n\t\t\t\t<div class=\"elementor-element elementor-element-44130b55 elementor-widget elementor-widget-toggle\" data-id=\"44130b55\" data-element_type=\"widget\" data-widget_type=\"toggle.default\">\n\t\t\t\t<div class=\"elementor-widget-container\">\n\t\t\t\t\t\t\t<div class=\"elementor-toggle\">\n\t\t\t\t\t\t\t<div class=\"elementor-toggle-item\">\n\t\t\t\t\t<div id=\"elementor-tab-title-1141\" class=\"elementor-tab-title\" data-tab=\"1\" role=\"button\" aria-controls=\"elementor-tab-content-1141\" aria-expanded=\"false\">\n\t\t\t\t\t\t\t\t\t\t\t\t<span class=\"elementor-toggle-icon elementor-toggle-icon-right\" aria-hidden=\"true\">\n\t\t\t\t\t\t\t\t\t\t\t\t\t\t\t<i class=\"elementor-toggle-icon-closed fa fa-caret-square-o-right\"><\/i>\n\t\t\t\t\t\t\t\t<i class=\"elementor-toggle-icon-opened fa fa-caret-square-o-up\"><\/i>\n\t\t\t\t\t\t\t\t\t\t\t\t\t<\/span>\n\t\t\t\t\t\t\t\t\t\t\t\t<a class=\"elementor-toggle-title\" tabindex=\"0\">Rewizje<\/a>\n\t\t\t\t\t<\/div>\n\n\t\t\t\t\t<div id=\"elementor-tab-content-1141\" class=\"elementor-tab-content elementor-clearfix\" data-tab=\"1\" role=\"region\" aria-labelledby=\"elementor-tab-title-1141\"><p>Rewizja wewn\u0119trzna polega na wizualnej ocenie stanu technicznego \u015bcianek zbiornika, po\u0142\u0105cze\u0144 spawanych na styku p\u0142aszcza z dennicami, po\u0142\u0105cze\u0144 spawanych przy kr\u00f3\u0107cach i w innych miejscach, ocenie stanu technicznego wzmocnie\u0144 oraz wyposa\u017cenia zbiornika (poziomowskaz i inne).<\/p><p>Warunki techniczne Urz\u0119du Dozoru Technicznego dla zbiornik\u00f3w podziemnych LPG wymagaj\u0105 wykonania pomiar\u00f3w grubo\u015bci \u015bcianek zbiornika. Rewizje wewn\u0119trzne przeprowadza si\u0119 w obecno\u015bci Inspektora UDT.<br \/>Rewizj\u0119 wykonuje si\u0119 co 10 lat dla zbiornik\u00f3w naziemnych i co 5 lat dla zbiornik\u00f3w podziemnych (co 10 lat w przypadku zastosowania ochrony katodowej).<\/p><p>KONSTECH INWESTYCJE przeprowadza rewizje wewn\u0119trzne zbiornik\u00f3w na w\u0142asnym specjalistycznym sprz\u0119cie.<br \/>Posiadamy w\u0142asny kompresor, wentylator Ex, zbiornik magazynowy oraz sprz\u0119t zabezpieczaj\u0105cy, tj. eksplozymetr oraz detektor gazu. W\u0142asny zbiornik magazynowy, kt\u00f3rego u\u017cywamy do przepompowania gazu pozwala na du\u017ce oszcz\u0119dno\u015bci \u2013 rewizja odbywa si\u0119 bez konieczno\u015bci podstawienia cysterny gazu.<\/p><p>Przeprowadzamy rewizje zbiornik\u00f3w o standardowych i bardzo du\u017cych kubaturach, np. na rozlewniach itp. Pracownicy firmy pracuj\u0105 wg standard\u00f3w obowi\u0105zuj\u0105cych przy pracach niebezpiecznych w strefach zagro\u017conych wybuchem. Wszyscy pracownicy posiadaj\u0105 uprawnienia energetyczne.<br \/>Firma posiada w\u0142asne opracowania dot. wymog\u00f3w BHP oraz prac w strefach niebezpiecznych.<\/p><p><strong>Etapy prac zwi\u0105zane z rewizj\u0105 wewn\u0119trzn\u0105:<\/strong><\/p><ul><li>Prace przygotowawcze, w tym przej\u0119cie placu i z\u0142o\u017cenie o\u015bwiadczenia u kierownika stacji o przej\u0119ciu odpowiedzialno\u015bci za rejon dzia\u0142ania<\/li><li>Przet\u0142aczanie fazy ciek\u0142ej do zbiornika magazynowego<\/li><li>Opr\u00f3\u017cnianie zbiornika z fazy gazowej<\/li><li>Demonta\u017c ruroci\u0105g\u00f3w, demonta\u017c pokrywy w\u0142azu<\/li><li>Zalanie zbiornika wod\u0105<\/li><li>Uzyskanie ci\u015bnienia pr\u00f3bnego i odbi\u00f3r pr\u00f3by z Inspektorem UDT<\/li><li>Wypompowanie wody ze zbiornika, wentylowanie, czyszczenie zbiornika<\/li><li>Rewizja wewn\u0119trzna zbiornika, sprawdzenie nastawy zawor\u00f3w bezpiecze\u0144stwa z udzia\u0142em Inspektora UDT<\/li><li>Pomiar grubo\u015bci \u015bcianki p\u0142aszcza i dennic zbiornika ( w przypadku zbiornika podziemnego)<\/li><li>Monta\u017c pokrywy w\u0142azu, monta\u017c ruroci\u0105g\u00f3w<\/li><li>Nape\u0142nianie zbiornika azotem, pr\u00f3ba szczelno\u015bci, opr\u00f3\u017cnianie zbiornika z azotu<\/li><li>Nape\u0142nianie zbiornika gazem propan butan ze zbiornika magazynowego<\/li><li>Sprawdzenie szczelno\u015bci detektorem gazu, uruchomienie instalacji LPG<\/li><\/ul><\/div>\n\t\t\t\t<\/div>\n\t\t\t\t\t\t\t\t<\/div>\n\t\t\t\t\t\t<\/div>\n\t\t\t\t<\/div>\n\t\t\t\t<div class=\"elementor-element elementor-element-f604845 elementor-widget elementor-widget-toggle\" data-id=\"f604845\" data-element_type=\"widget\" data-widget_type=\"toggle.default\">\n\t\t\t\t<div class=\"elementor-widget-container\">\n\t\t\t\t\t\t\t<div class=\"elementor-toggle\">\n\t\t\t\t\t\t\t<div class=\"elementor-toggle-item\">\n\t\t\t\t\t<div id=\"elementor-tab-title-2571\" class=\"elementor-tab-title\" data-tab=\"1\" role=\"button\" aria-controls=\"elementor-tab-content-2571\" aria-expanded=\"false\">\n\t\t\t\t\t\t\t\t\t\t\t\t<span class=\"elementor-toggle-icon elementor-toggle-icon-right\" aria-hidden=\"true\">\n\t\t\t\t\t\t\t\t\t\t\t\t\t\t\t<i class=\"elementor-toggle-icon-closed fa fa-caret-square-o-right\"><\/i>\n\t\t\t\t\t\t\t\t<i class=\"elementor-toggle-icon-opened fa fa-caret-square-o-up\"><\/i>\n\t\t\t\t\t\t\t\t\t\t\t\t\t<\/span>\n\t\t\t\t\t\t\t\t\t\t\t\t<a class=\"elementor-toggle-title\" tabindex=\"0\">Doradztwo<\/a>\n\t\t\t\t\t<\/div>\n\n\t\t\t\t\t<div id=\"elementor-tab-content-2571\" class=\"elementor-tab-content elementor-clearfix\" data-tab=\"1\" role=\"region\" aria-labelledby=\"elementor-tab-title-2571\"><p>Firma KONSTECH INWESTYCJE oferuje doradztwo techniczne w zakresie:<\/p><ul><li>budowy stacji LPG i instalacji technologicznych<\/li><li>serwisu urz\u0105dze\u0144<\/li><li>modernizacji i remont\u00f3w wszystkich instalacji LPG.<\/li><\/ul><p>Konsultacje przeprowadzone s\u0105 przez personel zapoznany z dyrektywami Unii Europejskiej w zwi\u0105zku z tym klienci naszej firmy uzyskuj\u0105 pe\u0142n\u0105 wiedz\u0119 w zakresie instalacji LPG.<br \/>Doradztwo obejmuje:<\/p><ul><li>Projekt techniczny<\/li><li>Cz\u0119\u015b\u0107 technologiczna stacji<\/li><li>Konstrukcje zbiornik\u00f3w LPG<\/li><li>Wyposa\u017cenie stacji w niezb\u0119dne urz\u0105dzenia<\/li><li>Serwisowanie instalacji LPG<\/li><li>Przeprowadzanie odbior\u00f3w instalacji<\/li><li>Wymagane dokumenty potrzebne do rozpocz\u0119cia inwestycji zwi\u0105zanej z budow\u0105 instalacji LPG.<\/li><\/ul><p>\u00a0<\/p><p>Szkolenia<\/p><p>KONSTECH INWESTYCJE \u00a0oferuje system szkole\u0144 do obs\u0142ugi instalacji LPG.<br \/>Instrukta\u017cu udzielaj\u0105 in\u017cynierowie z wieloletnim do\u015bwiadczeniem w bran\u017cy LPG.<\/p><p>Szkolenia obejmuj\u0105:<\/p><ul><li>szkolenie stanowiskowe obs\u0142ugi stacji LPG<\/li><li>szkolenie stanowiskowe obs\u0142ugi rozlewni gazu<\/li><li>szkolenie w zakresie obs\u0142ugi zbiornik\u00f3w podziemnych<\/li><li>szkolenie w zakresie obs\u0142ugi zbiornik\u00f3w naziemnych<\/li><li>szkolenie w zakresie obs\u0142ugi instalacji technologicznych i grzewczych LPG.<\/li><\/ul><\/div>\n\t\t\t\t<\/div>\n\t\t\t\t\t\t\t\t<\/div>\n\t\t\t\t\t\t<\/div>\n\t\t\t\t<\/div>\n\t\t\t\t\t<\/div>\n\t\t<\/div>\n\t\t\t\t\t<\/div>\n\t\t<\/section>\n\t\t\t\t<\/div>\n\t\t","protected":false},"excerpt":{"rendered":"<p>US\u0141UGI Jako Firma cechuje nas wszechstronno\u015b\u0107 Serwis stacji LPG Jednym z podstawowych zakres\u00f3w dzia\u0142ania naszej firmy jest serwis gwarancyjny i pogwarancyjny wszystkich urz\u0105dze\u0144 stacji paliw i LPG oraz instalacji technologicznych LPG. Z roku na rok klienci naszej firmy przywi\u0105zuj\u0105 wi\u0119ksz\u0105 wag\u0119 na niezawodne serwisowanie stacji paliw i LPG i dlatego firma KONSTECH INWESTYCJE wychodzi naprzeciw [&hellip;]<\/p>\n","protected":false},"author":1,"featured_media":0,"parent":0,"menu_order":3,"comment_status":"closed","ping_status":"closed","template":"elementor_header_footer","meta":{"footnotes":""},"class_list":["post-33","page","type-page","status-publish","hentry"],"_links":{"self":[{"href":"https:\/\/konstech.com.pl\/index.php?rest_route=\/wp\/v2\/pages\/33","targetHints":{"allow":["GET"]}}],"collection":[{"href":"https:\/\/konstech.com.pl\/index.php?rest_route=\/wp\/v2\/pages"}],"about":[{"href":"https:\/\/konstech.com.pl\/index.php?rest_route=\/wp\/v2\/types\/page"}],"author":[{"embeddable":true,"href":"https:\/\/konstech.com.pl\/index.php?rest_route=\/wp\/v2\/users\/1"}],"replies":[{"embeddable":true,"href":"https:\/\/konstech.com.pl\/index.php?rest_route=%2Fwp%2Fv2%2Fcomments&post=33"}],"version-history":[{"count":14,"href":"https:\/\/konstech.com.pl\/index.php?rest_route=\/wp\/v2\/pages\/33\/revisions"}],"predecessor-version":[{"id":775,"href":"https:\/\/konstech.com.pl\/index.php?rest_route=\/wp\/v2\/pages\/33\/revisions\/775"}],"wp:attachment":[{"href":"https:\/\/konstech.com.pl\/index.php?rest_route=%2Fwp%2Fv2%2Fmedia&parent=33"}],"curies":[{"name":"wp","href":"https:\/\/api.w.org\/{rel}","templated":true}]}}