{"id":377,"date":"2018-08-26T10:59:39","date_gmt":"2018-08-26T08:59:39","guid":{"rendered":"https:\/\/konstech.com.pl\/?page_id=377"},"modified":"2018-09-11T16:27:51","modified_gmt":"2018-09-11T14:27:51","slug":"about-us","status":"publish","type":"page","link":"https:\/\/konstech.com.pl\/?page_id=377&lang=en","title":{"rendered":"About us"},"content":{"rendered":"\t\t<div data-elementor-type=\"wp-post\" data-elementor-id=\"377\" class=\"elementor elementor-377 elementor-bc-flex-widget\" data-elementor-post-type=\"page\">\n\t\t\t\t\t\t<section class=\"elementor-section elementor-top-section elementor-element elementor-element-5ea8f43b elementor-section-content-middle elementor-section-boxed elementor-section-height-default elementor-section-height-default\" data-id=\"5ea8f43b\" data-element_type=\"section\" data-settings=\"{&quot;background_background&quot;:&quot;classic&quot;}\">\n\t\t\t\t\t\t\t<div class=\"elementor-background-overlay\"><\/div>\n\t\t\t\t\t\t\t<div class=\"elementor-container elementor-column-gap-no\">\n\t\t\t\t\t<div class=\"elementor-column elementor-col-100 elementor-top-column elementor-element elementor-element-1ad0a7a\" data-id=\"1ad0a7a\" data-element_type=\"column\">\n\t\t\t<div class=\"elementor-widget-wrap elementor-element-populated\">\n\t\t\t\t\t\t<div class=\"elementor-element elementor-element-6d1c8cbd elementor-widget elementor-widget-icon-box\" data-id=\"6d1c8cbd\" data-element_type=\"widget\" data-widget_type=\"icon-box.default\">\n\t\t\t\t<div class=\"elementor-widget-container\">\n\t\t\t\t\t\t\t<div class=\"elementor-icon-box-wrapper\">\n\n\t\t\t\n\t\t\t\t\t\t<div class=\"elementor-icon-box-content\">\n\n\t\t\t\t\t\t\t\t\t<h4 class=\"elementor-icon-box-title\">\n\t\t\t\t\t\t<span  >\n\t\t\t\t\t\t\tAbout us\t\t\t\t\t\t<\/span>\n\t\t\t\t\t<\/h4>\n\t\t\t\t\n\t\t\t\t\n\t\t\t<\/div>\n\t\t\t\n\t\t<\/div>\n\t\t\t\t\t\t<\/div>\n\t\t\t\t<\/div>\n\t\t\t\t<div class=\"elementor-element elementor-element-78a92c16 elementor-widget elementor-widget-text-editor\" data-id=\"78a92c16\" data-element_type=\"widget\" data-widget_type=\"text-editor.default\">\n\t\t\t\t<div class=\"elementor-widget-container\">\n\t\t\t\t\t\t\t\t\t<p><span id=\"result_box\" class=\"\" lang=\"en\" tabindex=\"-1\"><span title=\"KONSTECH INWESTYCJE wyspecjalizowa\u0142a si\u0119 w dostawach, budowie i monta\u017cu stacji paliw i stacji autogaz ze zbiornikami naziemnymi i podziemnymi \u201epod klucz\u201d, rozlewni gazu, technologicznych instalacji grzewczych dla przemys\u0142u, kontenerowych rozlewni gazu \">KONSTECH INVESTMENTS specializes in the supply, construction and assembly of petrol stations and autogas stations with on-ground and underground turnkey tanks, gas bottling plants, technological heating installations for industry, container gas bottling plants<br \/><\/span><span title=\"Jako firma zajmuj\u0105ca si\u0119 wykonawstwem posiadamy ni\u017cej wymienione uprawnienia: \u00a0\u00a0\u00a0\u00a0\">As a contracting company, we have the following rights:<\/span><\/span><\/p><p>\u00a0&#8211; <span title=\"Instytutu Spawalnictwa w Gliwicach \u00a0\u00a0\u00a0\u00a0\">Institute of Welding in Gliwice<br \/>\u00a0&#8211; <\/span><span title=\"Urz\u0119du Dozoru Technicznego \u00a0\u00a0\u00a0\u00a0\">Office of Technical Inspection<br \/>\u00a0<\/span><span title=\"do wytwarzania w zakresie monta\u017cu ruroci\u0105g\u00f3w przesy\u0142owych do gaz\u00f3w, ruroci\u0105g\u00f3w przesy\u0142owych do cieczy \u00a0\u00a0\u00a0\u00a0\">&#8211; for manufacturing in the scope of assembly of gas transmission pipelines, liquid transfer pipelines<br \/>\u00a0&#8211; <\/span><span title=\"do wytwarzania element\u00f3w ruroci\u0105g\u00f3w oraz pokrywy w\u0142az\u00f3w z kr\u00f3\u0107cami do zbiornik\u00f3w LPG \u00a0\u00a0\u00a0\u00a0\">for the production of pipeline elements and manhole covers with connectors for LPG tanks<br \/>\u00a0&#8211; <\/span><span title=\"do wytwarzania ruroci\u0105g\u00f3w technologicznych, ruroci\u0105g\u00f3w technologicznych do cieczy \u00a0\u00a0\u00a0\u00a0\">for the production of technological pipelines, technological pipelines for liquids<br \/>\u00a0<\/span><span title=\"do modernizacji ruroci\u0105g\u00f3w technologicznych \u00a0\u00a0\u00a0\u00a0\">&#8211; for the modernization of technological pipelines<br \/>\u00a0<\/span><span title=\"Certyfikaty do monta\u017cu ruroci\u0105g\u00f3w paliwowych systemu UPP \u00a0\u00a0\u00a0\u00a0\">&#8211; Certificates for the assembly of UPP fuel pipelines<br \/>\u00a0<\/span><span title=\"Certyfikaty do monta\u017cu ruroci\u0105g\u00f3w paliwowych i gazowych systemu Brugg \">&#8211; Certificates for the assembly of Brugg fuel and gas pipelines<\/span><\/p><p><span title=\"KONSTECH INWESTYCJE posiada hal\u0119 produkcyjn\u0105 wyposa\u017con\u0105 w obrabiarki do obr\u00f3bki skrawania, a tak\u017ce sprz\u0119t spawalniczy do spawania elektrycznego w os\u0142onie Argonu i CO2 oraz spawania gazowego.\">KONSTECH INVESTMENTS has a production hall equipped with machine tools for machining, as well as welding equipment for electric welding in the Argon and CO2 shield and gas welding. <\/span><span title=\"Spawacze posiadaj\u0105 aktualne uprawnienia Urz\u0119du Dozoru Technicznego do spawania instalacji gazowych w\/w metodami. \">Welders have current qualifications of the Office of Technical Inspection for welding gas installations with the above-mentioned methods.<br \/><\/span><span title=\"Firma posiada wyspecjalizowane brygady monta\u017cowe i budowlane wyposa\u017cone w niezb\u0119dny sprz\u0119t do prowadzenia rob\u00f3t na budowach zewn\u0119trznych.\">The company has specialized assembly and construction brigades equipped with the necessary equipment to carry out works on external construction sites. <\/span><span title=\"Nadz\u00f3r nad budow\u0105 i monta\u017cem instalacji paliwowych i LPG sprawuj\u0105 uprawnieni in\u017cynierowie z wieloletni\u0105 praktyk\u0105 i do\u015bwiadczeniem zawodowym. \">Supervision over the construction and assembly of fuel and LPG installations is exercised by authorized engineers with many years of practice and professional experience.<br \/><\/span><span title=\"Instalacje przez ca\u0142y czas s\u0105 udoskonalane i modernizowane.\">The installations are constantly refined and modernized. <\/span><span title=\"Jest to wynik strategii firmy, kt\u00f3rej celem jest oferowanie Klientom produkt\u00f3w o najwy\u017cszej jako\u015bci i estetyce wykonania. \">This is the result of the company&#8217;s strategy, the aim of which is to offer customers products of the highest quality and aesthetics of performance.<br \/><\/span><span title=\"KONSTECH INWESTYCJE obecnie przygotowuje si\u0119 do dalszego poszerzenia wachlarza oferowanych przez niego us\u0142ug, a tak\u017ce prowadzi dzia\u0142alno\u015b\u0107 handlow\u0105 urz\u0105dzeniami do LPG. \">KONSTECH INVESTMENTS is currently preparing to further expand the range of services it offers, as well as trading in LPG equipment.<br \/><\/span><span title=\"Posiadamy wieloletnie do\u015bwiadczenie, rozleg\u0142\u0105 wiedz\u0119 i udokumentowanie kwalifikacje zawodowe firmy i personelu.\">We have many years of experience, extensive knowledge and documented professional qualifications of the company and staff. <\/span><span title=\"Przestrzeganie uznanych procedur bezpiecze\u0144stwa rob\u00f3t budowlano-monta\u017cowych szczeg\u00f3lnie na pracuj\u0105cych stacjach paliwowych najwi\u0119kszych firm dzia\u0142aj\u0105cych w Polsce, pozwalaj\u0105 \u017cywi\u0107 nadziej\u0119, \u017ce oferta naszych produkt\u00f3w cieszy\u0107 si\u0119 b\u0119dzie Pa\u0144stwa zainteresowaniem.\">Compliance with recognized safety procedures for construction and assembly works, especially at working filling stations of the largest companies operating in Poland, allow us to hope that the offer of our products will enjoy your interest.<\/span><\/p>\t\t\t\t\t\t\t\t<\/div>\n\t\t\t\t<\/div>\n\t\t\t\t\t<\/div>\n\t\t<\/div>\n\t\t\t\t\t<\/div>\n\t\t<\/section>\n\t\t\t\t<\/div>\n\t\t","protected":false},"excerpt":{"rendered":"<p>About us KONSTECH INVESTMENTS specializes in the supply, construction and assembly of petrol stations and autogas stations with on-ground and underground turnkey tanks, gas bottling plants, technological heating installations for industry, container gas bottling plants As a contracting company, we have the following rights: &#8211; Institute of Welding in Gliwice &#8211; Office of Technical Inspection [&hellip;]<\/p>\n","protected":false},"author":1,"featured_media":0,"parent":0,"menu_order":7,"comment_status":"closed","ping_status":"closed","template":"elementor_header_footer","meta":{"footnotes":""},"class_list":["post-377","page","type-page","status-publish","hentry"],"_links":{"self":[{"href":"https:\/\/konstech.com.pl\/index.php?rest_route=\/wp\/v2\/pages\/377","targetHints":{"allow":["GET"]}}],"collection":[{"href":"https:\/\/konstech.com.pl\/index.php?rest_route=\/wp\/v2\/pages"}],"about":[{"href":"https:\/\/konstech.com.pl\/index.php?rest_route=\/wp\/v2\/types\/page"}],"author":[{"embeddable":true,"href":"https:\/\/konstech.com.pl\/index.php?rest_route=\/wp\/v2\/users\/1"}],"replies":[{"embeddable":true,"href":"https:\/\/konstech.com.pl\/index.php?rest_route=%2Fwp%2Fv2%2Fcomments&post=377"}],"version-history":[{"count":5,"href":"https:\/\/konstech.com.pl\/index.php?rest_route=\/wp\/v2\/pages\/377\/revisions"}],"predecessor-version":[{"id":618,"href":"https:\/\/konstech.com.pl\/index.php?rest_route=\/wp\/v2\/pages\/377\/revisions\/618"}],"wp:attachment":[{"href":"https:\/\/konstech.com.pl\/index.php?rest_route=%2Fwp%2Fv2%2Fmedia&parent=377"}],"curies":[{"name":"wp","href":"https:\/\/api.w.org\/{rel}","templated":true}]}}