{"id":41,"date":"2018-08-10T17:51:37","date_gmt":"2018-08-10T15:51:37","guid":{"rendered":"https:\/\/konstech.com.pl\/?page_id=41"},"modified":"2018-09-11T16:26:00","modified_gmt":"2018-09-11T14:26:00","slug":"o-nas","status":"publish","type":"page","link":"https:\/\/konstech.com.pl\/?page_id=41","title":{"rendered":"O nas"},"content":{"rendered":"\t\t<div data-elementor-type=\"wp-post\" data-elementor-id=\"41\" class=\"elementor elementor-41 elementor-bc-flex-widget\" data-elementor-post-type=\"page\">\n\t\t\t\t\t\t<section class=\"elementor-section elementor-top-section elementor-element elementor-element-5ea8f43b elementor-section-content-middle elementor-section-boxed elementor-section-height-default elementor-section-height-default\" data-id=\"5ea8f43b\" data-element_type=\"section\" data-settings=\"{&quot;background_background&quot;:&quot;classic&quot;}\">\n\t\t\t\t\t\t\t<div class=\"elementor-background-overlay\"><\/div>\n\t\t\t\t\t\t\t<div class=\"elementor-container elementor-column-gap-no\">\n\t\t\t\t\t<div class=\"elementor-column elementor-col-100 elementor-top-column elementor-element elementor-element-1ad0a7a\" data-id=\"1ad0a7a\" data-element_type=\"column\">\n\t\t\t<div class=\"elementor-widget-wrap elementor-element-populated\">\n\t\t\t\t\t\t<div class=\"elementor-element elementor-element-6d1c8cbd elementor-widget elementor-widget-icon-box\" data-id=\"6d1c8cbd\" data-element_type=\"widget\" data-widget_type=\"icon-box.default\">\n\t\t\t\t<div class=\"elementor-widget-container\">\n\t\t\t\t\t\t\t<div class=\"elementor-icon-box-wrapper\">\n\n\t\t\t\n\t\t\t\t\t\t<div class=\"elementor-icon-box-content\">\n\n\t\t\t\t\t\t\t\t\t<h4 class=\"elementor-icon-box-title\">\n\t\t\t\t\t\t<span  >\n\t\t\t\t\t\t\tO nas\t\t\t\t\t\t<\/span>\n\t\t\t\t\t<\/h4>\n\t\t\t\t\n\t\t\t\t\n\t\t\t<\/div>\n\t\t\t\n\t\t<\/div>\n\t\t\t\t\t\t<\/div>\n\t\t\t\t<\/div>\n\t\t\t\t<div class=\"elementor-element elementor-element-78a92c16 elementor-widget elementor-widget-text-editor\" data-id=\"78a92c16\" data-element_type=\"widget\" data-widget_type=\"text-editor.default\">\n\t\t\t\t<div class=\"elementor-widget-container\">\n\t\t\t\t\t\t\t\t\t<p>KONSTECH INWESTYCJE wyspecjalizowa\u0142a si\u0119 w dostawach, budowie i monta\u017cu stacji paliw i stacji autogaz ze zbiornikami naziemnymi i podziemnymi \u201epod klucz\u201d, rozlewni gazu, technologicznych instalacji grzewczych dla przemys\u0142u, kontenerowych rozlewni gazu<br \/>Jako firma zajmuj\u0105ca si\u0119 wykonawstwem posiadamy ni\u017cej wymienione uprawnienia:<\/p><ul><li>Instytutu Spawalnictwa w Gliwicach<\/li><li>Urz\u0119du Dozoru Technicznego<\/li><li>do wytwarzania w zakresie monta\u017cu ruroci\u0105g\u00f3w przesy\u0142owych do gaz\u00f3w, ruroci\u0105g\u00f3w przesy\u0142owych do cieczy<\/li><li>do wytwarzania element\u00f3w ruroci\u0105g\u00f3w oraz pokrywy w\u0142az\u00f3w z kr\u00f3\u0107cami do zbiornik\u00f3w LPG<\/li><li>do wytwarzania ruroci\u0105g\u00f3w technologicznych, ruroci\u0105g\u00f3w technologicznych do cieczy<\/li><li>do modernizacji ruroci\u0105g\u00f3w technologicznych<\/li><li>Certyfikaty do monta\u017cu ruroci\u0105g\u00f3w paliwowych systemu UPP<\/li><li>Certyfikaty do monta\u017cu ruroci\u0105g\u00f3w paliwowych i gazowych systemu Brugg<\/li><\/ul><div>KONSTECH INWESTYCJE posiada hal\u0119 produkcyjn\u0105 wyposa\u017con\u0105 w obrabiarki do obr\u00f3bki skrawania, a tak\u017ce sprz\u0119t spawalniczy do spawania elektrycznego w os\u0142onie Argonu i CO2 oraz spawania gazowego. Spawacze posiadaj\u0105 aktualne uprawnienia Urz\u0119du Dozoru Technicznego do spawania instalacji gazowych w\/w metodami.<\/div><div>Firma posiada wyspecjalizowane brygady monta\u017cowe i budowlane wyposa\u017cone w niezb\u0119dny sprz\u0119t do prowadzenia rob\u00f3t na budowach zewn\u0119trznych. Nadz\u00f3r nad budow\u0105 i monta\u017cem instalacji paliwowych i LPG sprawuj\u0105 uprawnieni in\u017cynierowie z wieloletni\u0105 praktyk\u0105 i do\u015bwiadczeniem zawodowym.<br \/>Instalacje przez ca\u0142y czas s\u0105 udoskonalane i modernizowane. Jest to wynik strategii firmy, kt\u00f3rej celem jest oferowanie Klientom produkt\u00f3w o najwy\u017cszej jako\u015bci i estetyce wykonania.<br \/>KONSTECH INWESTYCJE obecnie przygotowuje si\u0119 do dalszego poszerzenia wachlarza oferowanych przez niego us\u0142ug, a tak\u017ce prowadzi dzia\u0142alno\u015b\u0107 handlow\u0105 urz\u0105dzeniami do LPG.<br \/>Posiadamy wieloletnie do\u015bwiadczenie, rozleg\u0142\u0105 wiedz\u0119 i udokumentowanie kwalifikacje zawodowe firmy i personelu. Przestrzeganie uznanych procedur bezpiecze\u0144stwa rob\u00f3t budowlano-monta\u017cowych szczeg\u00f3lnie na pracuj\u0105cych stacjach paliwowych najwi\u0119kszych firm dzia\u0142aj\u0105cych w Polsce, pozwalaj\u0105 \u017cywi\u0107 nadziej\u0119, \u017ce oferta naszych produkt\u00f3w cieszy\u0107 si\u0119 b\u0119dzie Pa\u0144stwa zainteresowaniem.<\/div><div>\u00a0<\/div>\t\t\t\t\t\t\t\t<\/div>\n\t\t\t\t<\/div>\n\t\t\t\t\t<\/div>\n\t\t<\/div>\n\t\t\t\t\t<\/div>\n\t\t<\/section>\n\t\t\t\t<\/div>\n\t\t","protected":false},"excerpt":{"rendered":"<p>O nas KONSTECH INWESTYCJE wyspecjalizowa\u0142a si\u0119 w dostawach, budowie i monta\u017cu stacji paliw i stacji autogaz ze zbiornikami naziemnymi i podziemnymi \u201epod klucz\u201d, rozlewni gazu, technologicznych instalacji grzewczych dla przemys\u0142u, kontenerowych rozlewni gazu Jako firma zajmuj\u0105ca si\u0119 wykonawstwem posiadamy ni\u017cej wymienione uprawnienia: Instytutu Spawalnictwa w Gliwicach Urz\u0119du Dozoru Technicznego do wytwarzania w zakresie monta\u017cu ruroci\u0105g\u00f3w [&hellip;]<\/p>\n","protected":false},"author":1,"featured_media":0,"parent":0,"menu_order":2,"comment_status":"closed","ping_status":"closed","template":"elementor_header_footer","meta":{"footnotes":""},"class_list":["post-41","page","type-page","status-publish","hentry"],"_links":{"self":[{"href":"https:\/\/konstech.com.pl\/index.php?rest_route=\/wp\/v2\/pages\/41","targetHints":{"allow":["GET"]}}],"collection":[{"href":"https:\/\/konstech.com.pl\/index.php?rest_route=\/wp\/v2\/pages"}],"about":[{"href":"https:\/\/konstech.com.pl\/index.php?rest_route=\/wp\/v2\/types\/page"}],"author":[{"embeddable":true,"href":"https:\/\/konstech.com.pl\/index.php?rest_route=\/wp\/v2\/users\/1"}],"replies":[{"embeddable":true,"href":"https:\/\/konstech.com.pl\/index.php?rest_route=%2Fwp%2Fv2%2Fcomments&post=41"}],"version-history":[{"count":7,"href":"https:\/\/konstech.com.pl\/index.php?rest_route=\/wp\/v2\/pages\/41\/revisions"}],"predecessor-version":[{"id":614,"href":"https:\/\/konstech.com.pl\/index.php?rest_route=\/wp\/v2\/pages\/41\/revisions\/614"}],"wp:attachment":[{"href":"https:\/\/konstech.com.pl\/index.php?rest_route=%2Fwp%2Fv2%2Fmedia&parent=41"}],"curies":[{"name":"wp","href":"https:\/\/api.w.org\/{rel}","templated":true}]}}