{"id":443,"date":"2018-08-27T10:41:18","date_gmt":"2018-08-27T08:41:18","guid":{"rendered":"https:\/\/konstech.com.pl\/?page_id=443"},"modified":"2018-09-11T16:30:55","modified_gmt":"2018-09-11T14:30:55","slug":"uber-uns","status":"publish","type":"page","link":"https:\/\/konstech.com.pl\/?page_id=443&lang=de","title":{"rendered":"\u00dcber uns"},"content":{"rendered":"\t\t<div data-elementor-type=\"wp-post\" data-elementor-id=\"443\" class=\"elementor elementor-443 elementor-bc-flex-widget\" data-elementor-post-type=\"page\">\n\t\t\t\t\t\t<section class=\"elementor-section elementor-top-section elementor-element elementor-element-5ea8f43b elementor-section-content-middle elementor-section-boxed elementor-section-height-default elementor-section-height-default\" data-id=\"5ea8f43b\" data-element_type=\"section\" data-settings=\"{&quot;background_background&quot;:&quot;classic&quot;}\">\n\t\t\t\t\t\t\t<div class=\"elementor-background-overlay\"><\/div>\n\t\t\t\t\t\t\t<div class=\"elementor-container elementor-column-gap-no\">\n\t\t\t\t\t<div class=\"elementor-column elementor-col-100 elementor-top-column elementor-element elementor-element-1ad0a7a\" data-id=\"1ad0a7a\" data-element_type=\"column\">\n\t\t\t<div class=\"elementor-widget-wrap elementor-element-populated\">\n\t\t\t\t\t\t<div class=\"elementor-element elementor-element-6d1c8cbd elementor-widget elementor-widget-icon-box\" data-id=\"6d1c8cbd\" data-element_type=\"widget\" data-widget_type=\"icon-box.default\">\n\t\t\t\t<div class=\"elementor-widget-container\">\n\t\t\t\t\t\t\t<div class=\"elementor-icon-box-wrapper\">\n\n\t\t\t\n\t\t\t\t\t\t<div class=\"elementor-icon-box-content\">\n\n\t\t\t\t\t\t\t\t\t<h4 class=\"elementor-icon-box-title\">\n\t\t\t\t\t\t<span  >\n\t\t\t\t\t\t\t\u00dcber uns\t\t\t\t\t\t<\/span>\n\t\t\t\t\t<\/h4>\n\t\t\t\t\n\t\t\t\t\n\t\t\t<\/div>\n\t\t\t\n\t\t<\/div>\n\t\t\t\t\t\t<\/div>\n\t\t\t\t<\/div>\n\t\t\t\t<div class=\"elementor-element elementor-element-78a92c16 elementor-widget elementor-widget-text-editor\" data-id=\"78a92c16\" data-element_type=\"widget\" data-widget_type=\"text-editor.default\">\n\t\t\t\t<div class=\"elementor-widget-container\">\n\t\t\t\t\t\t\t\t\t<p><span id=\"result_box\" class=\"\" lang=\"de\" tabindex=\"-1\"><span title=\"KONSTECH INWESTYCJE wyspecjalizowa\u0142a si\u0119 w dostawach, budowie i monta\u017cu stacji paliw i stacji autogaz ze zbiornikami naziemnymi i podziemnymi \u201epod klucz\u201d, rozlewni gazu, technologicznych instalacji grzewczych dla przemys\u0142u, kontenerowych rozlewni gazu \">KONSTECH INVESTMENTS ist auf die Lieferung, Montage und Installation von Tankstellen und LPG-Stationen mit U-und ober- tanks \u201eschl\u00fcsselfertigen\u201c Abf\u00fcllung Gas, der Heizungstechnik f\u00fcr die Industrie, Gasbeh\u00e4lterabf\u00fcllung<br \/><\/span><span title=\"Jako firma zajmuj\u0105ca si\u0119 wykonawstwem posiadamy ni\u017cej wymienione uprawnienia: \u00a0\u00a0\u00a0\u00a0\">Als Vertragsunternehmen haben wir folgende Rechte:<\/span><\/span><\/p><p>\u00a0\u00a0 &#8211; <span title=\"Instytutu Spawalnictwa w Gliwicach \u00a0\u00a0\u00a0\u00a0\">Institut f\u00fcr Schwei\u00dfen in Gliwice<br \/>\u00a0\u00a0 &#8211; <\/span><span title=\"Urz\u0119du Dozoru Technicznego \u00a0\u00a0\u00a0\u00a0\">Technisches \u00dcberwachungsamt<br \/>\u00a0\u00a0 &#8211; <\/span><span title=\"do wytwarzania w zakresie monta\u017cu ruroci\u0105g\u00f3w przesy\u0142owych do gaz\u00f3w, ruroci\u0105g\u00f3w przesy\u0142owych do cieczy \u00a0\u00a0\u00a0\u00a0\">f\u00fcr die Herstellung im Bereich der Montage von Gas\u00fcbertragungsleitungen, Fl\u00fcssigkeits\u00fcbertragungsleitungen<br \/>\u00a0\u00a0 &#8211; <\/span><span title=\"do wytwarzania element\u00f3w ruroci\u0105g\u00f3w oraz pokrywy w\u0142az\u00f3w z kr\u00f3\u0107cami do zbiornik\u00f3w LPG \u00a0\u00a0\u00a0\u00a0\">zur Herstellung von Rohrleitungselementen und Schachtabdeckungen mit Anschl\u00fcssen f\u00fcr Fl\u00fcssiggastanks<br \/>\u00a0\u00a0 &#8211; <\/span><span title=\"do wytwarzania ruroci\u0105g\u00f3w technologicznych, ruroci\u0105g\u00f3w technologicznych do cieczy \u00a0\u00a0\u00a0\u00a0\">zur Herstellung von technologischen Rohrleitungen, technologischen Rohrleitungen f\u00fcr Fl\u00fcssigkeiten<br \/>\u00a0\u00a0 &#8211; <\/span><span title=\"do modernizacji ruroci\u0105g\u00f3w technologicznych \u00a0\u00a0\u00a0\u00a0\">f\u00fcr die Modernisierung von technologischen Rohrleitungen<br \/>\u00a0\u00a0 &#8211; <\/span><span title=\"Certyfikaty do monta\u017cu ruroci\u0105g\u00f3w paliwowych systemu UPP \u00a0\u00a0\u00a0\u00a0\">Zertifikate f\u00fcr die Montage von UPP-Brennstoffleitungen<br \/>\u00a0\u00a0 &#8211; <\/span><span title=\"Certyfikaty do monta\u017cu ruroci\u0105g\u00f3w paliwowych i gazowych systemu Brugg \">Zertifikate f\u00fcr die Montage von Brugg Brennstoff- und Gaspipelines<\/span><\/p><p><span title=\"KONSTECH INWESTYCJE posiada hal\u0119 produkcyjn\u0105 wyposa\u017con\u0105 w obrabiarki do obr\u00f3bki skrawania, a tak\u017ce sprz\u0119t spawalniczy do spawania elektrycznego w os\u0142onie Argonu i CO2 oraz spawania gazowego.\">KONSTECH INVESTMENTS verf\u00fcgt \u00fcber eine Produktionshalle, die mit Werkzeugmaschinen f\u00fcr die Bearbeitung ausgestattet ist, sowie Schwei\u00dfausr\u00fcstung f\u00fcr das elektrische Schwei\u00dfen im Argon- und CO2-Schild- und Gasschwei\u00dfen. <\/span><span title=\"Spawacze posiadaj\u0105 aktualne uprawnienia Urz\u0119du Dozoru Technicznego do spawania instalacji gazowych w\/w metodami. \">Schwei\u00dfer haben aktuelle Qualifikationen des Technischen \u00dcberwachungsamtes f\u00fcr Schwei\u00dfgasanlagen mit den oben genannten Methoden.<br \/><\/span><span title=\"Firma posiada wyspecjalizowane brygady monta\u017cowe i budowlane wyposa\u017cone w niezb\u0119dny sprz\u0119t do prowadzenia rob\u00f3t na budowach zewn\u0119trznych.\">Das Unternehmen verf\u00fcgt \u00fcber spezialisierte Montage- und Baubrigaden, die mit der notwendigen Ausr\u00fcstung ausgestattet sind, um Arbeiten auf externen Baustellen durchzuf\u00fchren. <\/span><span title=\"Nadz\u00f3r nad budow\u0105 i monta\u017cem instalacji paliwowych i LPG sprawuj\u0105 uprawnieni in\u017cynierowie z wieloletni\u0105 praktyk\u0105 i do\u015bwiadczeniem zawodowym. \">Die Aufsicht \u00fcber den Bau und die Montage von Brennstoff- und LPG-Anlagen wird von autorisierten Ingenieuren mit langj\u00e4hriger Praxis und Berufserfahrung ausge\u00fcbt.<br \/><\/span><span title=\"Instalacje przez ca\u0142y czas s\u0105 udoskonalane i modernizowane.\">Die Installationen werden st\u00e4ndig verfeinert und modernisiert. <\/span><span title=\"Jest to wynik strategii firmy, kt\u00f3rej celem jest oferowanie Klientom produkt\u00f3w o najwy\u017cszej jako\u015bci i estetyce wykonania. \">Dies ist das Ergebnis der Unternehmensstrategie, deren Ziel es ist, den Kunden Produkte von h\u00f6chster Qualit\u00e4t und Leistungs\u00e4sthetik anzubieten.<br \/><\/span><span title=\"KONSTECH INWESTYCJE obecnie przygotowuje si\u0119 do dalszego poszerzenia wachlarza oferowanych przez niego us\u0142ug, a tak\u017ce prowadzi dzia\u0142alno\u015b\u0107 handlow\u0105 urz\u0105dzeniami do LPG. \">KONSTECH INVESTMENTS bereitet derzeit den weiteren Ausbau des Serviceangebots sowie den Handel mit Fl\u00fcssiggasanlagen vor.<br \/><\/span><span title=\"Posiadamy wieloletnie do\u015bwiadczenie, rozleg\u0142\u0105 wiedz\u0119 i udokumentowanie kwalifikacje zawodowe firmy i personelu.\">Wir verf\u00fcgen \u00fcber langj\u00e4hrige Erfahrung, umfangreiches Wissen und dokumentierte fachliche Qualifikationen des Unternehmens und der Mitarbeiter. <\/span><span title=\"Przestrzeganie uznanych procedur bezpiecze\u0144stwa rob\u00f3t budowlano-monta\u017cowych szczeg\u00f3lnie na pracuj\u0105cych stacjach paliwowych najwi\u0119kszych firm dzia\u0142aj\u0105cych w Polsce, pozwalaj\u0105 \u017cywi\u0107 nadziej\u0119, \u017ce oferta naszych produkt\u00f3w cieszy\u0107 si\u0119 b\u0119dzie Pa\u0144stwa zainteresowaniem.\">Die Einhaltung anerkannter Sicherheitsverfahren f\u00fcr Bau- und Montagearbeiten, insbesondere an den arbeitenden Tankstellen der gr\u00f6\u00dften in Polen t\u00e4tigen Unternehmen, l\u00e4sst hoffen, dass das Angebot unserer Produkte Ihr Interesse weckt.<\/span><\/p>\t\t\t\t\t\t\t\t<\/div>\n\t\t\t\t<\/div>\n\t\t\t\t\t<\/div>\n\t\t<\/div>\n\t\t\t\t\t<\/div>\n\t\t<\/section>\n\t\t\t\t<\/div>\n\t\t","protected":false},"excerpt":{"rendered":"<p>\u00dcber uns KONSTECH INVESTMENTS ist auf die Lieferung, Montage und Installation von Tankstellen und LPG-Stationen mit U-und ober- tanks \u201eschl\u00fcsselfertigen\u201c Abf\u00fcllung Gas, der Heizungstechnik f\u00fcr die Industrie, Gasbeh\u00e4lterabf\u00fcllung Als Vertragsunternehmen haben wir folgende Rechte: &#8211; Institut f\u00fcr Schwei\u00dfen in Gliwice &#8211; Technisches \u00dcberwachungsamt &#8211; f\u00fcr die Herstellung im Bereich der Montage von Gas\u00fcbertragungsleitungen, Fl\u00fcssigkeits\u00fcbertragungsleitungen &#8211; [&hellip;]<\/p>\n","protected":false},"author":1,"featured_media":0,"parent":0,"menu_order":12,"comment_status":"closed","ping_status":"closed","template":"elementor_header_footer","meta":{"footnotes":""},"class_list":["post-443","page","type-page","status-publish","hentry"],"_links":{"self":[{"href":"https:\/\/konstech.com.pl\/index.php?rest_route=\/wp\/v2\/pages\/443","targetHints":{"allow":["GET"]}}],"collection":[{"href":"https:\/\/konstech.com.pl\/index.php?rest_route=\/wp\/v2\/pages"}],"about":[{"href":"https:\/\/konstech.com.pl\/index.php?rest_route=\/wp\/v2\/types\/page"}],"author":[{"embeddable":true,"href":"https:\/\/konstech.com.pl\/index.php?rest_route=\/wp\/v2\/users\/1"}],"replies":[{"embeddable":true,"href":"https:\/\/konstech.com.pl\/index.php?rest_route=%2Fwp%2Fv2%2Fcomments&post=443"}],"version-history":[{"count":4,"href":"https:\/\/konstech.com.pl\/index.php?rest_route=\/wp\/v2\/pages\/443\/revisions"}],"predecessor-version":[{"id":627,"href":"https:\/\/konstech.com.pl\/index.php?rest_route=\/wp\/v2\/pages\/443\/revisions\/627"}],"wp:attachment":[{"href":"https:\/\/konstech.com.pl\/index.php?rest_route=%2Fwp%2Fv2%2Fmedia&parent=443"}],"curies":[{"name":"wp","href":"https:\/\/api.w.org\/{rel}","templated":true}]}}