{"id":568,"date":"2018-09-08T13:20:14","date_gmt":"2018-09-08T11:20:14","guid":{"rendered":"https:\/\/konstech.com.pl\/?page_id=568"},"modified":"2018-09-11T16:31:39","modified_gmt":"2018-09-11T14:31:39","slug":"o-kompanii","status":"publish","type":"page","link":"https:\/\/konstech.com.pl\/?page_id=568&lang=ru","title":{"rendered":"\u041e \u041a\u041e\u041c\u041f\u0410\u041d\u0418\u0418"},"content":{"rendered":"\t\t<div data-elementor-type=\"wp-post\" data-elementor-id=\"568\" class=\"elementor elementor-568 elementor-bc-flex-widget\" data-elementor-post-type=\"page\">\n\t\t\t\t\t\t<section class=\"elementor-section elementor-top-section elementor-element elementor-element-5ea8f43b elementor-section-content-middle elementor-section-boxed elementor-section-height-default elementor-section-height-default\" data-id=\"5ea8f43b\" data-element_type=\"section\" data-settings=\"{&quot;background_background&quot;:&quot;classic&quot;}\">\n\t\t\t\t\t\t\t<div class=\"elementor-background-overlay\"><\/div>\n\t\t\t\t\t\t\t<div class=\"elementor-container elementor-column-gap-no\">\n\t\t\t\t\t<div class=\"elementor-column elementor-col-100 elementor-top-column elementor-element elementor-element-1ad0a7a\" data-id=\"1ad0a7a\" data-element_type=\"column\">\n\t\t\t<div class=\"elementor-widget-wrap elementor-element-populated\">\n\t\t\t\t\t\t<div class=\"elementor-element elementor-element-6d1c8cbd elementor-widget elementor-widget-icon-box\" data-id=\"6d1c8cbd\" data-element_type=\"widget\" data-widget_type=\"icon-box.default\">\n\t\t\t\t<div class=\"elementor-widget-container\">\n\t\t\t\t\t\t\t<div class=\"elementor-icon-box-wrapper\">\n\n\t\t\t\n\t\t\t\t\t\t<div class=\"elementor-icon-box-content\">\n\n\t\t\t\t\t\t\t\t\t<h4 class=\"elementor-icon-box-title\">\n\t\t\t\t\t\t<span  >\n\t\t\t\t\t\t\t\u041e \u041a\u041e\u041c\u041f\u0410\u041d\u0418\u0418\t\t\t\t\t\t<\/span>\n\t\t\t\t\t<\/h4>\n\t\t\t\t\n\t\t\t\t\n\t\t\t<\/div>\n\t\t\t\n\t\t<\/div>\n\t\t\t\t\t\t<\/div>\n\t\t\t\t<\/div>\n\t\t\t\t<div class=\"elementor-element elementor-element-78a92c16 elementor-widget elementor-widget-text-editor\" data-id=\"78a92c16\" data-element_type=\"widget\" data-widget_type=\"text-editor.default\">\n\t\t\t\t<div class=\"elementor-widget-container\">\n\t\t\t\t\t\t\t\t\t<div><p><span id=\"result_box\" class=\"\" tabindex=\"-1\" lang=\"ru\"><span title=\"KONSTECH INWESTYCJE wyspecjalizowa\u0142a si\u0119 w dostawach, budowie i monta\u017cu stacji paliw i stacji autogaz ze zbiornikami naziemnymi i podziemnymi \u201epod klucz\u201d, rozlewni gazu, technologicznych instalacji grzewczych dla przemys\u0142u, kontenerowych rozlewni gazu \">KONSTECH INVESTMENTS \u0441\u043f\u0435\u0446\u0438\u0430\u043b\u0438\u0437\u0438\u0440\u0443\u0435\u0442\u0441\u044f \u043d\u0430 \u043f\u043e\u0441\u0442\u0430\u0432\u043a\u0430\u0445, \u0441\u0442\u0440\u043e\u0438\u0442\u0435\u043b\u044c\u0441\u0442\u0432\u0435 \u0438 \u043c\u043e\u043d\u0442\u0430\u0436\u0435 \u0430\u0432\u0442\u043e\u0437\u0430\u043f\u0440\u0430\u0432\u043e\u0447\u043d\u044b\u0445 \u0441\u0442\u0430\u043d\u0446\u0438\u0439 \u0438 \u0430\u0432\u0442\u043e\u0437\u0430\u043f\u0440\u0430\u0432\u043e\u0447\u043d\u044b\u0445 \u0441\u0442\u0430\u043d\u0446\u0438\u0439 \u0441 \u043d\u0430\u0437\u0435\u043c\u043d\u044b\u043c\u0438 \u0438 \u043f\u043e\u0434\u0437\u0435\u043c\u043d\u044b\u043c\u0438 \u0440\u0435\u0437\u0435\u0440\u0432\u0443\u0430\u0440\u0430\u043c\u0438 \u043f\u043e\u0434 \u043a\u043b\u044e\u0447, \u0443\u0441\u0442\u0430\u043d\u043e\u0432\u043a\u0430\u043c\u0438 \u043f\u043e \u0440\u043e\u0437\u043b\u0438\u0432\u0443 \u0433\u0430\u0437\u0430, \u0442\u0435\u0445\u043d\u043e\u043b\u043e\u0433\u0438\u0447\u0435\u0441\u043a\u0438\u043c\u0438 \u043e\u0442\u043e\u043f\u0438\u0442\u0435\u043b\u044c\u043d\u044b\u043c\u0438 \u0443\u0441\u0442\u0430\u043d\u043e\u0432\u043a\u0430\u043c\u0438 \u0434\u043b\u044f \u043f\u0440\u043e\u043c\u044b\u0448\u043b\u0435\u043d\u043d\u043e\u0441\u0442\u0438, \u0443\u0441\u0442\u0430\u043d\u043e\u0432\u043a\u0430\u043c\u0438 \u043f\u043e \u0440\u043e\u0437\u043b\u0438\u0432\u0443 \u043a\u043e\u043d\u0442\u0435\u0439\u043d\u0435\u0440\u043d\u044b\u0445 \u0433\u0430\u0437\u043e\u0432<br><\/span><span title=\"Jako firma zajmuj\u0105ca si\u0119 wykonawstwem posiadamy ni\u017cej wymienione uprawnienia: &nbsp;&nbsp;&nbsp;&nbsp;\">\u0412 \u043a\u0430\u0447\u0435\u0441\u0442\u0432\u0435 \u043f\u043e\u0434\u0440\u044f\u0434\u043d\u043e\u0439 \u043a\u043e\u043c\u043f\u0430\u043d\u0438\u0438 \u043c\u044b \u0438\u043c\u0435\u0435\u043c \u0441\u043b\u0435\u0434\u0443\u044e\u0449\u0438\u0435 \u043f\u0440\u0430\u0432\u0430:<\/span><\/span><\/p>\n<p>&nbsp; &#8211; <span title=\"Instytutu Spawalnictwa w Gliwicach &nbsp;&nbsp;&nbsp;&nbsp;\">\u0418\u043d\u0441\u0442\u0438\u0442\u0443\u0442 \u0441\u0432\u0430\u0440\u043a\u0438 \u0432 \u0413\u043b\u0438\u0432\u0438\u0446\u0435<br>&nbsp; &#8211; <\/span><span title=\"Urz\u0119du Dozoru Technicznego &nbsp;&nbsp;&nbsp;&nbsp;\">\u0423\u043f\u0440\u0430\u0432\u043b\u0435\u043d\u0438\u0435 \u0442\u0435\u0445\u043d\u0438\u0447\u0435\u0441\u043a\u043e\u0439 \u0438\u043d\u0441\u043f\u0435\u043a\u0446\u0438\u0438<br>&nbsp; &#8211; <\/span><span title=\"do wytwarzania w zakresie monta\u017cu ruroci\u0105g\u00f3w przesy\u0142owych do gaz\u00f3w, ruroci\u0105g\u00f3w przesy\u0142owych do cieczy &nbsp;&nbsp;&nbsp;&nbsp;\">\u0434\u043b\u044f \u043f\u0440\u043e\u0438\u0437\u0432\u043e\u0434\u0441\u0442\u0432\u0430 \u0432 \u0440\u0430\u043c\u043a\u0430\u0445 \u0441\u0431\u043e\u0440\u043a\u0438 \u0433\u0430\u0437\u043e\u0442\u0440\u0430\u043d\u0441\u043f\u043e\u0440\u0442\u043d\u044b\u0445 \u0442\u0440\u0443\u0431\u043e\u043f\u0440\u043e\u0432\u043e\u0434\u043e\u0432, \u0442\u0440\u0443\u0431\u043e\u043f\u0440\u043e\u0432\u043e\u0434\u043e\u0432 \u0434\u043b\u044f \u043f\u0435\u0440\u0435\u0434\u0430\u0447\u0438 \u0436\u0438\u0434\u043a\u043e\u0441\u0442\u0438<br>&nbsp; &#8211; <\/span><span title=\"do wytwarzania element\u00f3w ruroci\u0105g\u00f3w oraz pokrywy w\u0142az\u00f3w z kr\u00f3\u0107cami do zbiornik\u00f3w LPG &nbsp;&nbsp;&nbsp;&nbsp;\">\u0434\u043b\u044f \u043f\u0440\u043e\u0438\u0437\u0432\u043e\u0434\u0441\u0442\u0432\u0430 \u044d\u043b\u0435\u043c\u0435\u043d\u0442\u043e\u0432 \u0442\u0440\u0443\u0431\u043e\u043f\u0440\u043e\u0432\u043e\u0434\u043e\u0432 \u0438 \u043a\u0440\u044b\u0448\u0435\u043a \u043b\u044e\u043a\u043e\u0432 \u0441 \u0441\u043e\u0435\u0434\u0438\u043d\u0438\u0442\u0435\u043b\u044f\u043c\u0438 \u0434\u043b\u044f \u0431\u0430\u043b\u043b\u043e\u043d\u043e\u0432 \u0434\u043b\u044f \u0421\u041d\u0413<br>&nbsp; &#8211; <\/span><span title=\"do wytwarzania ruroci\u0105g\u00f3w technologicznych, ruroci\u0105g\u00f3w technologicznych do cieczy &nbsp;&nbsp;&nbsp;&nbsp;\">\u0434\u043b\u044f \u043f\u0440\u043e\u0438\u0437\u0432\u043e\u0434\u0441\u0442\u0432\u0430 \u0442\u0435\u0445\u043d\u043e\u043b\u043e\u0433\u0438\u0447\u0435\u0441\u043a\u0438\u0445 \u0442\u0440\u0443\u0431\u043e\u043f\u0440\u043e\u0432\u043e\u0434\u043e\u0432, \u0442\u0435\u0445\u043d\u043e\u043b\u043e\u0433\u0438\u0447\u0435\u0441\u043a\u0438\u0445 \u0442\u0440\u0443\u0431\u043e\u043f\u0440\u043e\u0432\u043e\u0434\u043e\u0432 \u0434\u043b\u044f \u0436\u0438\u0434\u043a\u043e\u0441\u0442\u0435\u0439<br>&nbsp; &#8211; <\/span><span title=\"do modernizacji ruroci\u0105g\u00f3w technologicznych &nbsp;&nbsp;&nbsp;&nbsp;\">\u0434\u043b\u044f \u043c\u043e\u0434\u0435\u0440\u043d\u0438\u0437\u0430\u0446\u0438\u0438 \u0442\u0435\u0445\u043d\u043e\u043b\u043e\u0433\u0438\u0447\u0435\u0441\u043a\u0438\u0445 \u0442\u0440\u0443\u0431\u043e\u043f\u0440\u043e\u0432\u043e\u0434\u043e\u0432<br>&nbsp; &#8211; <\/span><span title=\"Certyfikaty do monta\u017cu ruroci\u0105g\u00f3w paliwowych systemu UPP &nbsp;&nbsp;&nbsp;&nbsp;\">\u0421\u0435\u0440\u0442\u0438\u0444\u0438\u043a\u0430\u0442\u044b \u043d\u0430 \u0441\u0431\u043e\u0440\u043a\u0443 \u0442\u043e\u043f\u043b\u0438\u0432\u043d\u044b\u0445 \u0442\u0440\u0443\u0431\u043e\u043f\u0440\u043e\u0432\u043e\u0434\u043e\u0432 UPP<br>&nbsp; &#8211; <\/span><span title=\"Certyfikaty do monta\u017cu ruroci\u0105g\u00f3w paliwowych i gazowych systemu Brugg \">\u0421\u0435\u0440\u0442\u0438\u0444\u0438\u043a\u0430\u0442\u044b \u0434\u043b\u044f \u0441\u0431\u043e\u0440\u043a\u0438 \u0433\u0430\u0437\u043e\u043f\u0440\u043e\u0432\u043e\u0434\u043e\u0432 Brugg<\/span><\/p>\n<p><span title=\"KONSTECH INWESTYCJE posiada hal\u0119 produkcyjn\u0105 wyposa\u017con\u0105 w obrabiarki do obr\u00f3bki skrawania, a tak\u017ce sprz\u0119t spawalniczy do spawania elektrycznego w os\u0142onie Argonu i CO2 oraz spawania gazowego.\">KONSTECH INVESTMENTS \u0438\u043c\u0435\u0435\u0442 \u043f\u0440\u043e\u0438\u0437\u0432\u043e\u0434\u0441\u0442\u0432\u0435\u043d\u043d\u044b\u0439 \u0446\u0435\u0445, \u043e\u0441\u043d\u0430\u0449\u0435\u043d\u043d\u044b\u0439 \u0441\u0442\u0430\u043d\u043a\u0430\u043c\u0438 \u0434\u043b\u044f \u043c\u0435\u0445\u0430\u043d\u0438\u0447\u0435\u0441\u043a\u043e\u0439 \u043e\u0431\u0440\u0430\u0431\u043e\u0442\u043a\u0438, \u0430 \u0442\u0430\u043a\u0436\u0435 \u0441\u0432\u0430\u0440\u043e\u0447\u043d\u043e\u0435 \u043e\u0431\u043e\u0440\u0443\u0434\u043e\u0432\u0430\u043d\u0438\u0435 \u0434\u043b\u044f \u044d\u043b\u0435\u043a\u0442\u0440\u043e\u0441\u0432\u0430\u0440\u043a\u0438 \u0432 \u0430\u0440\u0433\u043e\u043d\u0435 \u0438 \u0443\u0433\u043b\u0435\u043a\u0438\u0441\u043b\u043e\u043c \u0433\u0430\u0437\u0435 \u0438 \u0433\u0430\u0437\u043e\u0432\u0443\u044e \u0441\u0432\u0430\u0440\u043a\u0443. <\/span><span title=\"Spawacze posiadaj\u0105 aktualne uprawnienia Urz\u0119du Dozoru Technicznego do spawania instalacji gazowych w\/w metodami. \">\u0421\u0432\u0430\u0440\u0449\u0438\u043a\u0438 \u0438\u043c\u0435\u044e\u0442 \u0442\u0435\u043a\u0443\u0449\u0443\u044e \u043a\u0432\u0430\u043b\u0438\u0444\u0438\u043a\u0430\u0446\u0438\u044e \u0423\u043f\u0440\u0430\u0432\u043b\u0435\u043d\u0438\u044f \u0442\u0435\u0445\u043d\u0438\u0447\u0435\u0441\u043a\u043e\u0439 \u0438\u043d\u0441\u043f\u0435\u043a\u0446\u0438\u0438 \u0434\u043b\u044f \u0441\u0432\u0430\u0440\u043e\u0447\u043d\u044b\u0445 \u0433\u0430\u0437\u043e\u0432\u044b\u0445 \u0443\u0441\u0442\u0430\u043d\u043e\u0432\u043e\u043a \u0441 \u0438\u0441\u043f\u043e\u043b\u044c\u0437\u043e\u0432\u0430\u043d\u0438\u0435\u043c \u0432\u044b\u0448\u0435\u0443\u043f\u043e\u043c\u044f\u043d\u0443\u0442\u044b\u0445 \u043c\u0435\u0442\u043e\u0434\u043e\u0432.<br><\/span><span title=\"Firma posiada wyspecjalizowane brygady monta\u017cowe i budowlane wyposa\u017cone w niezb\u0119dny sprz\u0119t do prowadzenia rob\u00f3t na budowach zewn\u0119trznych.\">\u041a\u043e\u043c\u043f\u0430\u043d\u0438\u044f \u0438\u043c\u0435\u0435\u0442 \u0441\u043f\u0435\u0446\u0438\u0430\u043b\u0438\u0437\u0438\u0440\u043e\u0432\u0430\u043d\u043d\u044b\u0435 \u0441\u0431\u043e\u0440\u043e\u0447\u043d\u044b\u0435 \u0438 \u0441\u0442\u0440\u043e\u0438\u0442\u0435\u043b\u044c\u043d\u044b\u0435 \u0431\u0440\u0438\u0433\u0430\u0434\u044b, \u043e\u0441\u043d\u0430\u0449\u0435\u043d\u043d\u044b\u0435 \u043d\u0435\u043e\u0431\u0445\u043e\u0434\u0438\u043c\u044b\u043c \u043e\u0431\u043e\u0440\u0443\u0434\u043e\u0432\u0430\u043d\u0438\u0435\u043c \u0434\u043b\u044f \u0432\u044b\u043f\u043e\u043b\u043d\u0435\u043d\u0438\u044f \u0440\u0430\u0431\u043e\u0442 \u043d\u0430 \u0432\u043d\u0435\u0448\u043d\u0438\u0445 \u0441\u0442\u0440\u043e\u0438\u0442\u0435\u043b\u044c\u043d\u044b\u0445 \u043f\u043b\u043e\u0449\u0430\u0434\u043a\u0430\u0445. <\/span><span title=\"Nadz\u00f3r nad budow\u0105 i monta\u017cem instalacji paliwowych i LPG sprawuj\u0105 uprawnieni in\u017cynierowie z wieloletni\u0105 praktyk\u0105 i do\u015bwiadczeniem zawodowym. \">\u041d\u0430\u0434\u0437\u043e\u0440 \u0437\u0430 \u0441\u0442\u0440\u043e\u0438\u0442\u0435\u043b\u044c\u0441\u0442\u0432\u043e\u043c \u0438 \u0441\u0431\u043e\u0440\u043a\u043e\u0439 \u0443\u0441\u0442\u0430\u043d\u043e\u0432\u043e\u043a \u0434\u043b\u044f \u0433\u043e\u0440\u044e\u0447\u0435\u0433\u043e \u0438 \u0441\u0436\u0438\u0436\u0435\u043d\u043d\u043e\u0433\u043e \u043d\u0435\u0444\u0442\u044f\u043d\u043e\u0433\u043e \u0433\u0430\u0437\u0430 \u043e\u0441\u0443\u0449\u0435\u0441\u0442\u0432\u043b\u044f\u0435\u0442\u0441\u044f \u0430\u0432\u0442\u043e\u0440\u0438\u0437\u043e\u0432\u0430\u043d\u043d\u044b\u043c\u0438 \u0438\u043d\u0436\u0435\u043d\u0435\u0440\u0430\u043c\u0438 \u0441 \u043c\u043d\u043e\u0433\u043e\u043b\u0435\u0442\u043d\u0438\u043c \u043e\u043f\u044b\u0442\u043e\u043c \u0438 \u043f\u0440\u043e\u0444\u0435\u0441\u0441\u0438\u043e\u043d\u0430\u043b\u044c\u043d\u044b\u043c \u043e\u043f\u044b\u0442\u043e\u043c.<br><\/span><span title=\"Instalacje przez ca\u0142y czas s\u0105 udoskonalane i modernizowane.\">\u0423\u0441\u0442\u0430\u043d\u043e\u0432\u043a\u0438 \u043f\u043e\u0441\u0442\u043e\u044f\u043d\u043d\u043e \u0441\u043e\u0432\u0435\u0440\u0448\u0435\u043d\u0441\u0442\u0432\u0443\u044e\u0442\u0441\u044f \u0438 \u043c\u043e\u0434\u0435\u0440\u043d\u0438\u0437\u0438\u0440\u0443\u044e\u0442\u0441\u044f. <\/span><span title=\"Jest to wynik strategii firmy, kt\u00f3rej celem jest oferowanie Klientom produkt\u00f3w o najwy\u017cszej jako\u015bci i estetyce wykonania. \">\u042d\u0442\u043e \u0440\u0435\u0437\u0443\u043b\u044c\u0442\u0430\u0442 \u0441\u0442\u0440\u0430\u0442\u0435\u0433\u0438\u0438 \u043a\u043e\u043c\u043f\u0430\u043d\u0438\u0438, \u0446\u0435\u043b\u044c\u044e \u043a\u043e\u0442\u043e\u0440\u043e\u0439 \u044f\u0432\u043b\u044f\u0435\u0442\u0441\u044f \u043f\u0440\u0435\u0434\u043e\u0441\u0442\u0430\u0432\u043b\u0435\u043d\u0438\u0435 \u043a\u043b\u0438\u0435\u043d\u0442\u0430\u043c \u043f\u0440\u043e\u0434\u0443\u043a\u0442\u043e\u0432 \u0432\u044b\u0441\u043e\u0447\u0430\u0439\u0448\u0435\u0433\u043e \u043a\u0430\u0447\u0435\u0441\u0442\u0432\u0430 \u0438 \u044d\u0441\u0442\u0435\u0442\u0438\u043a\u0438 \u0438\u0441\u043f\u043e\u043b\u043d\u0435\u043d\u0438\u044f.<br><\/span><span title=\"KONSTECH INWESTYCJE obecnie przygotowuje si\u0119 do dalszego poszerzenia wachlarza oferowanych przez niego us\u0142ug, a tak\u017ce prowadzi dzia\u0142alno\u015b\u0107 handlow\u0105 urz\u0105dzeniami do LPG. \">KONSTECH INVESTMENTS \u0432 \u043d\u0430\u0441\u0442\u043e\u044f\u0449\u0435\u0435 \u0432\u0440\u0435\u043c\u044f \u0433\u043e\u0442\u043e\u0432\u0438\u0442\u0441\u044f \u043a \u0434\u0430\u043b\u044c\u043d\u0435\u0439\u0448\u0435\u043c\u0443 \u0440\u0430\u0441\u0448\u0438\u0440\u0435\u043d\u0438\u044e \u0441\u043f\u0435\u043a\u0442\u0440\u0430 \u043f\u0440\u0435\u0434\u043b\u0430\u0433\u0430\u0435\u043c\u044b\u0445 \u0443\u0441\u043b\u0443\u0433, \u0430 \u0442\u0430\u043a\u0436\u0435 \u0442\u043e\u0440\u0433\u043e\u0432\u043b\u0435 \u043e\u0431\u043e\u0440\u0443\u0434\u043e\u0432\u0430\u043d\u0438\u0435\u043c \u0434\u043b\u044f \u0421\u041d\u0413.<br><\/span><span title=\"Posiadamy wieloletnie do\u015bwiadczenie, rozleg\u0142\u0105 wiedz\u0119 i udokumentowanie kwalifikacje zawodowe firmy i personelu.\">\u041c\u044b \u0438\u043c\u0435\u0435\u043c \u043c\u043d\u043e\u0433\u043e\u043b\u0435\u0442\u043d\u0438\u0439 \u043e\u043f\u044b\u0442, \u043e\u0431\u0448\u0438\u0440\u043d\u044b\u0435 \u0437\u043d\u0430\u043d\u0438\u044f \u0438 \u0434\u043e\u043a\u0443\u043c\u0435\u043d\u0442\u0430\u043b\u044c\u043d\u043e \u043f\u043e\u0434\u0442\u0432\u0435\u0440\u0436\u0434\u0435\u043d\u043d\u0443\u044e \u043f\u0440\u043e\u0444\u0435\u0441\u0441\u0438\u043e\u043d\u0430\u043b\u044c\u043d\u0443\u044e \u043a\u0432\u0430\u043b\u0438\u0444\u0438\u043a\u0430\u0446\u0438\u044e \u043a\u043e\u043c\u043f\u0430\u043d\u0438\u0438 \u0438 \u043f\u0435\u0440\u0441\u043e\u043d\u0430\u043b\u0430. <\/span><span title=\"Przestrzeganie uznanych procedur bezpiecze\u0144stwa rob\u00f3t budowlano-monta\u017cowych szczeg\u00f3lnie na pracuj\u0105cych stacjach paliwowych najwi\u0119kszych firm dzia\u0142aj\u0105cych w Polsce, pozwalaj\u0105 \u017cywi\u0107 nadziej\u0119, \u017ce oferta naszych produkt\u00f3w cieszy\u0107 si\u0119 b\u0119dzie Pa\u0144stwa zainteresowaniem.\">\u0421\u043e\u0431\u043b\u044e\u0434\u0435\u043d\u0438\u0435 \u043f\u0440\u0438\u0437\u043d\u0430\u043d\u043d\u044b\u0445 \u043f\u0440\u043e\u0446\u0435\u0434\u0443\u0440 \u0431\u0435\u0437\u043e\u043f\u0430\u0441\u043d\u043e\u0441\u0442\u0438 \u0434\u043b\u044f \u0441\u0442\u0440\u043e\u0438\u0442\u0435\u043b\u044c\u043d\u043e-\u043c\u043e\u043d\u0442\u0430\u0436\u043d\u044b\u0445 \u0440\u0430\u0431\u043e\u0442, \u043e\u0441\u043e\u0431\u0435\u043d\u043d\u043e \u043d\u0430 \u0434\u0435\u0439\u0441\u0442\u0432\u0443\u044e\u0449\u0438\u0445 \u0437\u0430\u043f\u0440\u0430\u0432\u043e\u0447\u043d\u044b\u0445 \u0441\u0442\u0430\u043d\u0446\u0438\u044f\u0445 \u043a\u0440\u0443\u043f\u043d\u0435\u0439\u0448\u0438\u0445 \u043a\u043e\u043c\u043f\u0430\u043d\u0438\u0439, \u0434\u0435\u0439\u0441\u0442\u0432\u0443\u044e\u0449\u0438\u0445 \u0432 \u041f\u043e\u043b\u044c\u0448\u0435, \u043f\u043e\u0437\u0432\u043e\u043b\u044f\u0435\u0442 \u043d\u0430\u0434\u0435\u044f\u0442\u044c\u0441\u044f, \u0447\u0442\u043e \u043f\u0440\u0435\u0434\u043b\u043e\u0436\u0435\u043d\u0438\u0435 \u043d\u0430\u0448\u0435\u0439 \u043f\u0440\u043e\u0434\u0443\u043a\u0446\u0438\u0438 \u0431\u0443\u0434\u0435\u0442 \u0438\u043d\u0442\u0435\u0440\u0435\u0441\u043d\u043e.<\/span><\/p><\/div>\t\t\t\t\t\t\t\t<\/div>\n\t\t\t\t<\/div>\n\t\t\t\t\t<\/div>\n\t\t<\/div>\n\t\t\t\t\t<\/div>\n\t\t<\/section>\n\t\t\t\t<\/div>\n\t\t","protected":false},"excerpt":{"rendered":"<p>\u041e \u041a\u041e\u041c\u041f\u0410\u041d\u0418\u0418 KONSTECH INVESTMENTS \u0441\u043f\u0435\u0446\u0438\u0430\u043b\u0438\u0437\u0438\u0440\u0443\u0435\u0442\u0441\u044f \u043d\u0430 \u043f\u043e\u0441\u0442\u0430\u0432\u043a\u0430\u0445, \u0441\u0442\u0440\u043e\u0438\u0442\u0435\u043b\u044c\u0441\u0442\u0432\u0435 \u0438 \u043c\u043e\u043d\u0442\u0430\u0436\u0435 \u0430\u0432\u0442\u043e\u0437\u0430\u043f\u0440\u0430\u0432\u043e\u0447\u043d\u044b\u0445 \u0441\u0442\u0430\u043d\u0446\u0438\u0439 \u0438 \u0430\u0432\u0442\u043e\u0437\u0430\u043f\u0440\u0430\u0432\u043e\u0447\u043d\u044b\u0445 \u0441\u0442\u0430\u043d\u0446\u0438\u0439 \u0441 \u043d\u0430\u0437\u0435\u043c\u043d\u044b\u043c\u0438 \u0438 \u043f\u043e\u0434\u0437\u0435\u043c\u043d\u044b\u043c\u0438 \u0440\u0435\u0437\u0435\u0440\u0432\u0443\u0430\u0440\u0430\u043c\u0438 \u043f\u043e\u0434 \u043a\u043b\u044e\u0447, \u0443\u0441\u0442\u0430\u043d\u043e\u0432\u043a\u0430\u043c\u0438 \u043f\u043e \u0440\u043e\u0437\u043b\u0438\u0432\u0443 \u0433\u0430\u0437\u0430, \u0442\u0435\u0445\u043d\u043e\u043b\u043e\u0433\u0438\u0447\u0435\u0441\u043a\u0438\u043c\u0438 \u043e\u0442\u043e\u043f\u0438\u0442\u0435\u043b\u044c\u043d\u044b\u043c\u0438 \u0443\u0441\u0442\u0430\u043d\u043e\u0432\u043a\u0430\u043c\u0438 \u0434\u043b\u044f \u043f\u0440\u043e\u043c\u044b\u0448\u043b\u0435\u043d\u043d\u043e\u0441\u0442\u0438, \u0443\u0441\u0442\u0430\u043d\u043e\u0432\u043a\u0430\u043c\u0438 \u043f\u043e \u0440\u043e\u0437\u043b\u0438\u0432\u0443 \u043a\u043e\u043d\u0442\u0435\u0439\u043d\u0435\u0440\u043d\u044b\u0445 \u0433\u0430\u0437\u043e\u0432 \u0412 \u043a\u0430\u0447\u0435\u0441\u0442\u0432\u0435 \u043f\u043e\u0434\u0440\u044f\u0434\u043d\u043e\u0439 \u043a\u043e\u043c\u043f\u0430\u043d\u0438\u0438 \u043c\u044b \u0438\u043c\u0435\u0435\u043c \u0441\u043b\u0435\u0434\u0443\u044e\u0449\u0438\u0435 \u043f\u0440\u0430\u0432\u0430: &#8211; \u0418\u043d\u0441\u0442\u0438\u0442\u0443\u0442 \u0441\u0432\u0430\u0440\u043a\u0438 \u0432 \u0413\u043b\u0438\u0432\u0438\u0446\u0435 &#8211; \u0423\u043f\u0440\u0430\u0432\u043b\u0435\u043d\u0438\u0435 \u0442\u0435\u0445\u043d\u0438\u0447\u0435\u0441\u043a\u043e\u0439 \u0438\u043d\u0441\u043f\u0435\u043a\u0446\u0438\u0438 &#8211; \u0434\u043b\u044f [&hellip;]<\/p>\n","protected":false},"author":1,"featured_media":0,"parent":0,"menu_order":17,"comment_status":"closed","ping_status":"closed","template":"elementor_header_footer","meta":{"footnotes":""},"class_list":["post-568","page","type-page","status-publish","hentry"],"_links":{"self":[{"href":"https:\/\/konstech.com.pl\/index.php?rest_route=\/wp\/v2\/pages\/568","targetHints":{"allow":["GET"]}}],"collection":[{"href":"https:\/\/konstech.com.pl\/index.php?rest_route=\/wp\/v2\/pages"}],"about":[{"href":"https:\/\/konstech.com.pl\/index.php?rest_route=\/wp\/v2\/types\/page"}],"author":[{"embeddable":true,"href":"https:\/\/konstech.com.pl\/index.php?rest_route=\/wp\/v2\/users\/1"}],"replies":[{"embeddable":true,"href":"https:\/\/konstech.com.pl\/index.php?rest_route=%2Fwp%2Fv2%2Fcomments&post=568"}],"version-history":[{"count":5,"href":"https:\/\/konstech.com.pl\/index.php?rest_route=\/wp\/v2\/pages\/568\/revisions"}],"predecessor-version":[{"id":629,"href":"https:\/\/konstech.com.pl\/index.php?rest_route=\/wp\/v2\/pages\/568\/revisions\/629"}],"wp:attachment":[{"href":"https:\/\/konstech.com.pl\/index.php?rest_route=%2Fwp%2Fv2%2Fmedia&parent=568"}],"curies":[{"name":"wp","href":"https:\/\/api.w.org\/{rel}","templated":true}]}}